{"id":710,"date":"2013-01-22T22:05:56","date_gmt":"2013-01-22T22:05:56","guid":{"rendered":"http:\/\/ancestry.smars.se\/?page_id=710"},"modified":"2013-01-22T22:05:56","modified_gmt":"2013-01-22T22:05:56","slug":"annika-nilsdotter","status":"publish","type":"page","link":"https:\/\/ancestry.smars.se\/?page_id=710","title":{"rendered":"Annika Nilsdotter"},"content":{"rendered":"<p>Annika was married to Per Bengtsson from \u00c4ngarp, Linder\u00e5s born 1721.<\/p>\n<p>They had a son Samuel H\u00f6rling who became a soldier and died 33 year old.<\/p>\n","protected":false},"excerpt":{"rendered":"<p>Annika was married to Per Bengtsson from \u00c4ngarp, Linder\u00e5s born 1721. They had a son Samuel H\u00f6rling who became a soldier and died 33 year old.<\/p>\n","protected":false},"author":1,"featured_media":0,"parent":578,"menu_order":2,"comment_status":"open","ping_status":"open","template":"","meta":{"footnotes":""},"class_list":["post-710","page","type-page","status-publish","hentry"],"_links":{"self":[{"href":"https:\/\/ancestry.smars.se\/index.php?rest_route=\/wp\/v2\/pages\/710"}],"collection":[{"href":"https:\/\/ancestry.smars.se\/index.php?rest_route=\/wp\/v2\/pages"}],"about":[{"href":"https:\/\/ancestry.smars.se\/index.php?rest_route=\/wp\/v2\/types\/page"}],"author":[{"embeddable":true,"href":"https:\/\/ancestry.smars.se\/index.php?rest_route=\/wp\/v2\/users\/1"}],"replies":[{"embeddable":true,"href":"https:\/\/ancestry.smars.se\/index.php?rest_route=%2Fwp%2Fv2%2Fcomments&post=710"}],"version-history":[{"count":1,"href":"https:\/\/ancestry.smars.se\/index.php?rest_route=\/wp\/v2\/pages\/710\/revisions"}],"predecessor-version":[{"id":711,"href":"https:\/\/ancestry.smars.se\/index.php?rest_route=\/wp\/v2\/pages\/710\/revisions\/711"}],"up":[{"embeddable":true,"href":"https:\/\/ancestry.smars.se\/index.php?rest_route=\/wp\/v2\/pages\/578"}],"wp:attachment":[{"href":"https:\/\/ancestry.smars.se\/index.php?rest_route=%2Fwp%2Fv2%2Fmedia&parent=710"}],"curies":[{"name":"wp","href":"https:\/\/api.w.org\/{rel}","templated":true}]}}