{"id":706,"date":"2013-01-22T22:00:12","date_gmt":"2013-01-22T22:00:12","guid":{"rendered":"http:\/\/ancestry.smars.se\/?page_id=706"},"modified":"2013-01-22T22:02:13","modified_gmt":"2013-01-22T22:02:13","slug":"girl-ingel","status":"publish","type":"page","link":"https:\/\/ancestry.smars.se\/?page_id=706","title":{"rendered":"&#8216;Girl&#8217; Ingel"},"content":{"rendered":"<p>She married Jon M\u00e5nsson and they had Karin Jonsdotter 1694 in K\u00e4llered, S\u00e4by.<\/p>\n","protected":false},"excerpt":{"rendered":"<p>She married Jon M\u00e5nsson and they had Karin Jonsdotter 1694 in K\u00e4llered, S\u00e4by.<\/p>\n","protected":false},"author":1,"featured_media":0,"parent":702,"menu_order":2,"comment_status":"open","ping_status":"open","template":"","meta":{"footnotes":""},"class_list":["post-706","page","type-page","status-publish","hentry"],"_links":{"self":[{"href":"https:\/\/ancestry.smars.se\/index.php?rest_route=\/wp\/v2\/pages\/706"}],"collection":[{"href":"https:\/\/ancestry.smars.se\/index.php?rest_route=\/wp\/v2\/pages"}],"about":[{"href":"https:\/\/ancestry.smars.se\/index.php?rest_route=\/wp\/v2\/types\/page"}],"author":[{"embeddable":true,"href":"https:\/\/ancestry.smars.se\/index.php?rest_route=\/wp\/v2\/users\/1"}],"replies":[{"embeddable":true,"href":"https:\/\/ancestry.smars.se\/index.php?rest_route=%2Fwp%2Fv2%2Fcomments&post=706"}],"version-history":[{"count":3,"href":"https:\/\/ancestry.smars.se\/index.php?rest_route=\/wp\/v2\/pages\/706\/revisions"}],"predecessor-version":[{"id":708,"href":"https:\/\/ancestry.smars.se\/index.php?rest_route=\/wp\/v2\/pages\/706\/revisions\/708"}],"up":[{"embeddable":true,"href":"https:\/\/ancestry.smars.se\/index.php?rest_route=\/wp\/v2\/pages\/702"}],"wp:attachment":[{"href":"https:\/\/ancestry.smars.se\/index.php?rest_route=%2Fwp%2Fv2%2Fmedia&parent=706"}],"curies":[{"name":"wp","href":"https:\/\/api.w.org\/{rel}","templated":true}]}}