{"id":704,"date":"2013-01-22T21:58:21","date_gmt":"2013-01-22T21:58:21","guid":{"rendered":"http:\/\/ancestry.smars.se\/?page_id=704"},"modified":"2013-01-22T21:58:21","modified_gmt":"2013-01-22T21:58:21","slug":"jon-mansson","status":"publish","type":"page","link":"https:\/\/ancestry.smars.se\/?page_id=704","title":{"rendered":"Jon M\u00e5nsson"},"content":{"rendered":"<p>He was the father of Karin Jonsdotter who was born in K\u00e4lleryd S\u00e4by 1694<\/p>\n","protected":false},"excerpt":{"rendered":"<p>He was the father of Karin Jonsdotter who was born in K\u00e4lleryd S\u00e4by 1694<\/p>\n","protected":false},"author":1,"featured_media":0,"parent":702,"menu_order":1,"comment_status":"open","ping_status":"open","template":"","meta":{"footnotes":""},"class_list":["post-704","page","type-page","status-publish","hentry"],"_links":{"self":[{"href":"https:\/\/ancestry.smars.se\/index.php?rest_route=\/wp\/v2\/pages\/704"}],"collection":[{"href":"https:\/\/ancestry.smars.se\/index.php?rest_route=\/wp\/v2\/pages"}],"about":[{"href":"https:\/\/ancestry.smars.se\/index.php?rest_route=\/wp\/v2\/types\/page"}],"author":[{"embeddable":true,"href":"https:\/\/ancestry.smars.se\/index.php?rest_route=\/wp\/v2\/users\/1"}],"replies":[{"embeddable":true,"href":"https:\/\/ancestry.smars.se\/index.php?rest_route=%2Fwp%2Fv2%2Fcomments&post=704"}],"version-history":[{"count":1,"href":"https:\/\/ancestry.smars.se\/index.php?rest_route=\/wp\/v2\/pages\/704\/revisions"}],"predecessor-version":[{"id":705,"href":"https:\/\/ancestry.smars.se\/index.php?rest_route=\/wp\/v2\/pages\/704\/revisions\/705"}],"up":[{"embeddable":true,"href":"https:\/\/ancestry.smars.se\/index.php?rest_route=\/wp\/v2\/pages\/702"}],"wp:attachment":[{"href":"https:\/\/ancestry.smars.se\/index.php?rest_route=%2Fwp%2Fv2%2Fmedia&parent=704"}],"curies":[{"name":"wp","href":"https:\/\/api.w.org\/{rel}","templated":true}]}}