{"id":702,"date":"2013-01-22T21:55:35","date_gmt":"2013-01-22T21:55:35","guid":{"rendered":"http:\/\/ancestry.smars.se\/?page_id=702"},"modified":"2013-02-24T19:01:05","modified_gmt":"2013-02-24T19:01:05","slug":"karin-jonsdotter-213-1694-saby","status":"publish","type":"page","link":"https:\/\/ancestry.smars.se\/?page_id=702","title":{"rendered":"Karin Jonsdotter 21\/3 1694 S\u00e4by"},"content":{"rendered":"<p>Karin was born 21\/3 in <strong>K\u00e4llered, S\u00e4by<\/strong><\/p>\n<p>She married the 8 year younger soldier Jon Ek(E)Bom M\u00e5nsson and had their daughter Kerstin when she was 35 years old and Jon 27 years old.<\/p>\n<p>She died 29\/3 1773 in <strong>Brunm\u00e5la Backstuga S\u00e4by<\/strong>. She became 79 years old.<\/p>\n<p>Press\u00a0<a href=\"https:\/\/maps.google.com\/maps\/ms?msa=0&amp;msid=202734398850949442153.0004d3448268161a5bfb1&amp;hl=sv&amp;ie=UTF8&amp;t=m&amp;source=embed&amp;ll=51.062958,-33.36595&amp;spn=19.104647,119.658537&amp;iwloc=0004d3be46676e97cc654\">annagreta and johannes ancestors and descendants<\/a>\u00a0for MAP<\/p>\n","protected":false},"excerpt":{"rendered":"<p>Karin was born 21\/3 in K\u00e4llered, S\u00e4by She married the 8 year younger soldier Jon Ek(E)Bom M\u00e5nsson and had their daughter Kerstin when she was 35 years old and Jon 27 years old. She died 29\/3 1773 in Brunm\u00e5la Backstuga &hellip; <a href=\"https:\/\/ancestry.smars.se\/?page_id=702\">Continue reading <span class=\"meta-nav\">&rarr;<\/span><\/a><\/p>\n","protected":false},"author":1,"featured_media":0,"parent":695,"menu_order":2,"comment_status":"open","ping_status":"open","template":"","meta":{"footnotes":""},"class_list":["post-702","page","type-page","status-publish","hentry"],"_links":{"self":[{"href":"https:\/\/ancestry.smars.se\/index.php?rest_route=\/wp\/v2\/pages\/702"}],"collection":[{"href":"https:\/\/ancestry.smars.se\/index.php?rest_route=\/wp\/v2\/pages"}],"about":[{"href":"https:\/\/ancestry.smars.se\/index.php?rest_route=\/wp\/v2\/types\/page"}],"author":[{"embeddable":true,"href":"https:\/\/ancestry.smars.se\/index.php?rest_route=\/wp\/v2\/users\/1"}],"replies":[{"embeddable":true,"href":"https:\/\/ancestry.smars.se\/index.php?rest_route=%2Fwp%2Fv2%2Fcomments&post=702"}],"version-history":[{"count":2,"href":"https:\/\/ancestry.smars.se\/index.php?rest_route=\/wp\/v2\/pages\/702\/revisions"}],"predecessor-version":[{"id":1061,"href":"https:\/\/ancestry.smars.se\/index.php?rest_route=\/wp\/v2\/pages\/702\/revisions\/1061"}],"up":[{"embeddable":true,"href":"https:\/\/ancestry.smars.se\/index.php?rest_route=\/wp\/v2\/pages\/695"}],"wp:attachment":[{"href":"https:\/\/ancestry.smars.se\/index.php?rest_route=%2Fwp%2Fv2%2Fmedia&parent=702"}],"curies":[{"name":"wp","href":"https:\/\/api.w.org\/{rel}","templated":true}]}}