{"id":697,"date":"2013-01-22T21:46:26","date_gmt":"2013-01-22T21:46:26","guid":{"rendered":"http:\/\/ancestry.smars.se\/?page_id=697"},"modified":"2013-02-24T18:59:59","modified_gmt":"2013-02-24T18:59:59","slug":"jon-ekebom-mansson-1702-saby","status":"publish","type":"page","link":"https:\/\/ancestry.smars.se\/?page_id=697","title":{"rendered":"Jon Ek(E)Bom M\u00e5nsson 1702 S\u00e4by"},"content":{"rendered":"<p>Jon was born 1702 in <strong>V\u00e4tinge, S\u00e4by<\/strong><\/p>\n<p>He became a soldier. He married Karin Jonsdotter from K\u00e4lleryd, S\u00e4by who was 8 years older than him.<\/p>\n<p>He was 27 years old when his daughter Kerstin was born.<\/p>\n<p>He died in \u00c4pplaryd 1\/11 1742 &#8211; 40 years old.<\/p>\n<p>Press\u00a0<a href=\"https:\/\/maps.google.com\/maps\/ms?msa=0&amp;msid=202734398850949442153.0004d3448268161a5bfb1&amp;hl=sv&amp;ie=UTF8&amp;t=m&amp;source=embed&amp;ll=51.062958,-33.36595&amp;spn=19.104647,119.658537&amp;iwloc=0004d3be46676e97cc654\">annagreta and johannes ancestors and descendants<\/a>\u00a0for MAP<\/p>\n","protected":false},"excerpt":{"rendered":"<p>Jon was born 1702 in V\u00e4tinge, S\u00e4by He became a soldier. He married Karin Jonsdotter from K\u00e4lleryd, S\u00e4by who was 8 years older than him. He was 27 years old when his daughter Kerstin was born. He died in \u00c4pplaryd &hellip; <a href=\"https:\/\/ancestry.smars.se\/?page_id=697\">Continue reading <span class=\"meta-nav\">&rarr;<\/span><\/a><\/p>\n","protected":false},"author":1,"featured_media":0,"parent":695,"menu_order":2,"comment_status":"open","ping_status":"open","template":"","meta":{"footnotes":""},"class_list":["post-697","page","type-page","status-publish","hentry"],"_links":{"self":[{"href":"https:\/\/ancestry.smars.se\/index.php?rest_route=\/wp\/v2\/pages\/697"}],"collection":[{"href":"https:\/\/ancestry.smars.se\/index.php?rest_route=\/wp\/v2\/pages"}],"about":[{"href":"https:\/\/ancestry.smars.se\/index.php?rest_route=\/wp\/v2\/types\/page"}],"author":[{"embeddable":true,"href":"https:\/\/ancestry.smars.se\/index.php?rest_route=\/wp\/v2\/users\/1"}],"replies":[{"embeddable":true,"href":"https:\/\/ancestry.smars.se\/index.php?rest_route=%2Fwp%2Fv2%2Fcomments&post=697"}],"version-history":[{"count":4,"href":"https:\/\/ancestry.smars.se\/index.php?rest_route=\/wp\/v2\/pages\/697\/revisions"}],"predecessor-version":[{"id":1059,"href":"https:\/\/ancestry.smars.se\/index.php?rest_route=\/wp\/v2\/pages\/697\/revisions\/1059"}],"up":[{"embeddable":true,"href":"https:\/\/ancestry.smars.se\/index.php?rest_route=\/wp\/v2\/pages\/695"}],"wp:attachment":[{"href":"https:\/\/ancestry.smars.se\/index.php?rest_route=%2Fwp%2Fv2%2Fmedia&parent=697"}],"curies":[{"name":"wp","href":"https:\/\/api.w.org\/{rel}","templated":true}]}}