{"id":695,"date":"2013-01-22T21:41:13","date_gmt":"2013-01-22T21:41:13","guid":{"rendered":"http:\/\/ancestry.smars.se\/?page_id=695"},"modified":"2013-03-15T21:17:22","modified_gmt":"2013-03-15T21:17:22","slug":"kerstin-jonstorp-113-1729-saby","status":"publish","type":"page","link":"https:\/\/ancestry.smars.se\/?page_id=695","title":{"rendered":"Kerstin Jonsdotter 11\/3 1729 S\u00e4by"},"content":{"rendered":"<p>Kerstin was born in <strong>\u00d6nnarp, S\u00e4by<\/strong> 11\/3 1729.<\/p>\n<p>She married <a title=\"Jonas Dalgren Persson 1729 \u2013 1773, S\u00e4by\" href=\"http:\/\/ancestry.smars.se\/the-ancestors\/anna-greta-2910-1812\/jonas-svensson-710-1781\/annika-jonsdotter-187-1850-saby\/jonas-dalgren-persson\">Jonas Dalgren Persson<\/a> who was a soldier 16\/2 1746- 17 years old, as old as her husband.<\/p>\n<p>She was 21 years old when she had their daughter Annika<\/p>\n<p>She died in Brunsm\u00e5la, S\u00e4by 2\/5 1773- \u00a044 years old.<\/p>\n<p>Press\u00a0<a href=\"https:\/\/maps.google.com\/maps\/ms?msa=0&amp;msid=202734398850949442153.0004d3448268161a5bfb1&amp;hl=sv&amp;ie=UTF8&amp;t=m&amp;source=embed&amp;ll=51.062958,-33.36595&amp;spn=19.104647,119.658537&amp;iwloc=0004d3be46676e97cc654\">annagreta and johannes ancestors and descendants<\/a>\u00a0for MAP<\/p>\n","protected":false},"excerpt":{"rendered":"<p>Kerstin was born in \u00d6nnarp, S\u00e4by 11\/3 1729. She married Jonas Dalgren Persson who was a soldier 16\/2 1746- 17 years old, as old as her husband. She was 21 years old when she had their daughter Annika She died &hellip; <a href=\"https:\/\/ancestry.smars.se\/?page_id=695\">Continue reading <span class=\"meta-nav\">&rarr;<\/span><\/a><\/p>\n","protected":false},"author":1,"featured_media":0,"parent":681,"menu_order":2,"comment_status":"open","ping_status":"open","template":"","meta":{"footnotes":""},"class_list":["post-695","page","type-page","status-publish","hentry"],"_links":{"self":[{"href":"https:\/\/ancestry.smars.se\/index.php?rest_route=\/wp\/v2\/pages\/695"}],"collection":[{"href":"https:\/\/ancestry.smars.se\/index.php?rest_route=\/wp\/v2\/pages"}],"about":[{"href":"https:\/\/ancestry.smars.se\/index.php?rest_route=\/wp\/v2\/types\/page"}],"author":[{"embeddable":true,"href":"https:\/\/ancestry.smars.se\/index.php?rest_route=\/wp\/v2\/users\/1"}],"replies":[{"embeddable":true,"href":"https:\/\/ancestry.smars.se\/index.php?rest_route=%2Fwp%2Fv2%2Fcomments&post=695"}],"version-history":[{"count":5,"href":"https:\/\/ancestry.smars.se\/index.php?rest_route=\/wp\/v2\/pages\/695\/revisions"}],"predecessor-version":[{"id":1060,"href":"https:\/\/ancestry.smars.se\/index.php?rest_route=\/wp\/v2\/pages\/695\/revisions\/1060"}],"up":[{"embeddable":true,"href":"https:\/\/ancestry.smars.se\/index.php?rest_route=\/wp\/v2\/pages\/681"}],"wp:attachment":[{"href":"https:\/\/ancestry.smars.se\/index.php?rest_route=%2Fwp%2Fv2%2Fmedia&parent=695"}],"curies":[{"name":"wp","href":"https:\/\/api.w.org\/{rel}","templated":true}]}}