{"id":688,"date":"2013-01-22T21:30:37","date_gmt":"2013-01-22T21:30:37","guid":{"rendered":"http:\/\/ancestry.smars.se\/?page_id=688"},"modified":"2013-01-22T21:32:36","modified_gmt":"2013-01-22T21:32:36","slug":"kerstin-erlandsdotter-259-1722","status":"publish","type":"page","link":"https:\/\/ancestry.smars.se\/?page_id=688","title":{"rendered":"Kerstin Erlandsdotter 25\/9 1722"},"content":{"rendered":"<p>Kerstin was born 25\/9 1722 in V\u00e4stra R\u00f6dje, S\u00e4by<\/p>\n<p>She married M\u00e5ns M\u00e5nsson who was 5 years older than her. She had Sven, her son when she was 29 years old.<\/p>\n<p>She died 13\/7 1786 in Sibbarp, S\u00e4by. She became 63 years old.<\/p>\n","protected":false},"excerpt":{"rendered":"<p>Kerstin was born 25\/9 1722 in V\u00e4stra R\u00f6dje, S\u00e4by She married M\u00e5ns M\u00e5nsson who was 5 years older than her. She had Sven, her son when she was 29 years old. She died 13\/7 1786 in Sibbarp, S\u00e4by. She became &hellip; <a href=\"https:\/\/ancestry.smars.se\/?page_id=688\">Continue reading <span class=\"meta-nav\">&rarr;<\/span><\/a><\/p>\n","protected":false},"author":1,"featured_media":0,"parent":574,"menu_order":2,"comment_status":"open","ping_status":"open","template":"","meta":{"footnotes":""},"class_list":["post-688","page","type-page","status-publish","hentry"],"_links":{"self":[{"href":"https:\/\/ancestry.smars.se\/index.php?rest_route=\/wp\/v2\/pages\/688"}],"collection":[{"href":"https:\/\/ancestry.smars.se\/index.php?rest_route=\/wp\/v2\/pages"}],"about":[{"href":"https:\/\/ancestry.smars.se\/index.php?rest_route=\/wp\/v2\/types\/page"}],"author":[{"embeddable":true,"href":"https:\/\/ancestry.smars.se\/index.php?rest_route=\/wp\/v2\/users\/1"}],"replies":[{"embeddable":true,"href":"https:\/\/ancestry.smars.se\/index.php?rest_route=%2Fwp%2Fv2%2Fcomments&post=688"}],"version-history":[{"count":3,"href":"https:\/\/ancestry.smars.se\/index.php?rest_route=\/wp\/v2\/pages\/688\/revisions"}],"predecessor-version":[{"id":690,"href":"https:\/\/ancestry.smars.se\/index.php?rest_route=\/wp\/v2\/pages\/688\/revisions\/690"}],"up":[{"embeddable":true,"href":"https:\/\/ancestry.smars.se\/index.php?rest_route=\/wp\/v2\/pages\/574"}],"wp:attachment":[{"href":"https:\/\/ancestry.smars.se\/index.php?rest_route=%2Fwp%2Fv2%2Fmedia&parent=688"}],"curies":[{"name":"wp","href":"https:\/\/api.w.org\/{rel}","templated":true}]}}