{"id":685,"date":"2013-01-22T21:24:45","date_gmt":"2013-01-22T21:24:45","guid":{"rendered":"http:\/\/ancestry.smars.se\/?page_id=685"},"modified":"2013-01-22T21:25:27","modified_gmt":"2013-01-22T21:25:27","slug":"mans-mansson-1717","status":"publish","type":"page","link":"https:\/\/ancestry.smars.se\/?page_id=685","title":{"rendered":"M\u00e5ns M\u00e5nsson 1717"},"content":{"rendered":"<p>M\u00e5ns was a farmer.<\/p>\n<p>He married Kerstin Erlandsdotter born 1722 from V\u00e4stra R\u00f6dje, S\u00e4by<\/p>\n","protected":false},"excerpt":{"rendered":"<p>M\u00e5ns was a farmer. He married Kerstin Erlandsdotter born 1722 from V\u00e4stra R\u00f6dje, S\u00e4by<\/p>\n","protected":false},"author":1,"featured_media":0,"parent":574,"menu_order":1,"comment_status":"open","ping_status":"open","template":"","meta":{"footnotes":""},"class_list":["post-685","page","type-page","status-publish","hentry"],"_links":{"self":[{"href":"https:\/\/ancestry.smars.se\/index.php?rest_route=\/wp\/v2\/pages\/685"}],"collection":[{"href":"https:\/\/ancestry.smars.se\/index.php?rest_route=\/wp\/v2\/pages"}],"about":[{"href":"https:\/\/ancestry.smars.se\/index.php?rest_route=\/wp\/v2\/types\/page"}],"author":[{"embeddable":true,"href":"https:\/\/ancestry.smars.se\/index.php?rest_route=\/wp\/v2\/users\/1"}],"replies":[{"embeddable":true,"href":"https:\/\/ancestry.smars.se\/index.php?rest_route=%2Fwp%2Fv2%2Fcomments&post=685"}],"version-history":[{"count":2,"href":"https:\/\/ancestry.smars.se\/index.php?rest_route=\/wp\/v2\/pages\/685\/revisions"}],"predecessor-version":[{"id":687,"href":"https:\/\/ancestry.smars.se\/index.php?rest_route=\/wp\/v2\/pages\/685\/revisions\/687"}],"up":[{"embeddable":true,"href":"https:\/\/ancestry.smars.se\/index.php?rest_route=\/wp\/v2\/pages\/574"}],"wp:attachment":[{"href":"https:\/\/ancestry.smars.se\/index.php?rest_route=%2Fwp%2Fv2%2Fmedia&parent=685"}],"curies":[{"name":"wp","href":"https:\/\/api.w.org\/{rel}","templated":true}]}}