{"id":681,"date":"2013-01-22T21:13:14","date_gmt":"2013-01-22T21:13:14","guid":{"rendered":"http:\/\/ancestry.smars.se\/?page_id=681"},"modified":"2013-11-27T20:30:45","modified_gmt":"2013-11-27T20:30:46","slug":"annika-jonsdotter-187-1850-saby","status":"publish","type":"page","link":"https:\/\/ancestry.smars.se\/?page_id=681","title":{"rendered":"Annika Jonsdotter 18\/7 1750 S\u00e4by"},"content":{"rendered":"<p>Annika was born 18\/7 1850 in Hubbarp, <a href=\"https:\/\/www.google.com\/maps\/ms?msid=202734398850949442153.0004d3448268161a5bfb1&amp;msa=0&amp;ll=58.447733,-9.667969&amp;spn=61.131391,158.027344&amp;iwloc=0004d3be46676e97cc654\" target=\"_blank\">S\u00e4by<\/a>. Her father was a soldier: <a title=\"Jonas Dalgren Persson 1729 \u2013 1773, S\u00e4by\" href=\"http:\/\/ancestry.smars.se\/the-ancestors\/anna-greta-2910-1812\/jonas-svensson-710-1781\/annika-jonsdotter-187-1850-saby\/jonas-dalgren-persson\">Jonas Dalgren Persson<\/a>. He died when he was 44 years old 1773. Annika was then 23 years old.<\/p>\n<p>She married <a title=\"Sven M\u00e5nsson 5\/2 1751 -S\u00e4by\" href=\"http:\/\/ancestry.smars.se\/the-ancestors\/anna-greta-2910-1812\/jonas-svensson-710-1781\/sven-hansson-1751-tittan-saby\">Sven M\u00e5nsson<\/a>, born 1751, from V\u00e4stra R\u00f6dje, S\u00e4by who was half a year younger than her.<\/p>\n<p>They had their son <a title=\"Jonas Svensson 7\/10 1781 Tittan, S\u00e4by\" href=\"http:\/\/ancestry.smars.se\/the-ancestors\/anna-greta-2910-1812\/jonas-svensson-710-1781\">Jonas<\/a> 1781 when she was 31 years old. 2 years later <a href=\"http:\/\/www.svedin-horred.se\/register\/a118c9ae1.html\" class=\"broken_link\">Greta<\/a> was born.<\/p>\n<p>Press\u00a0<a href=\"https:\/\/maps.google.com\/maps\/ms?msa=0&amp;msid=202734398850949442153.0004d3448268161a5bfb1&amp;hl=sv&amp;ie=UTF8&amp;t=m&amp;source=embed&amp;ll=51.062958,-33.36595&amp;spn=19.104647,119.658537&amp;iwloc=0004d3be46676e97cc654\">annagreta and johannes ancestors and descendants<\/a>\u00a0for MAP<\/p>\n","protected":false},"excerpt":{"rendered":"<p>Annika was born 18\/7 1850 in Hubbarp, S\u00e4by. Her father was a soldier: Jonas Dalgren Persson. He died when he was 44 years old 1773. Annika was then 23 years old. She married Sven M\u00e5nsson, born 1751, from V\u00e4stra R\u00f6dje, &hellip; <a href=\"https:\/\/ancestry.smars.se\/?page_id=681\">Continue reading <span class=\"meta-nav\">&rarr;<\/span><\/a><\/p>\n","protected":false},"author":1,"featured_media":0,"parent":570,"menu_order":2,"comment_status":"open","ping_status":"open","template":"","meta":{"footnotes":""},"class_list":["post-681","page","type-page","status-publish","hentry"],"_links":{"self":[{"href":"https:\/\/ancestry.smars.se\/index.php?rest_route=\/wp\/v2\/pages\/681"}],"collection":[{"href":"https:\/\/ancestry.smars.se\/index.php?rest_route=\/wp\/v2\/pages"}],"about":[{"href":"https:\/\/ancestry.smars.se\/index.php?rest_route=\/wp\/v2\/types\/page"}],"author":[{"embeddable":true,"href":"https:\/\/ancestry.smars.se\/index.php?rest_route=\/wp\/v2\/users\/1"}],"replies":[{"embeddable":true,"href":"https:\/\/ancestry.smars.se\/index.php?rest_route=%2Fwp%2Fv2%2Fcomments&post=681"}],"version-history":[{"count":10,"href":"https:\/\/ancestry.smars.se\/index.php?rest_route=\/wp\/v2\/pages\/681\/revisions"}],"predecessor-version":[{"id":4014,"href":"https:\/\/ancestry.smars.se\/index.php?rest_route=\/wp\/v2\/pages\/681\/revisions\/4014"}],"up":[{"embeddable":true,"href":"https:\/\/ancestry.smars.se\/index.php?rest_route=\/wp\/v2\/pages\/570"}],"wp:attachment":[{"href":"https:\/\/ancestry.smars.se\/index.php?rest_route=%2Fwp%2Fv2%2Fmedia&parent=681"}],"curies":[{"name":"wp","href":"https:\/\/api.w.org\/{rel}","templated":true}]}}