{"id":580,"date":"2013-01-12T18:35:35","date_gmt":"2013-01-12T18:35:35","guid":{"rendered":"http:\/\/ancestry.smars.se\/?page_id=580"},"modified":"2013-01-22T20:54:46","modified_gmt":"2013-01-22T20:54:46","slug":"stina-nilsdotter-dockarp","status":"publish","type":"page","link":"https:\/\/ancestry.smars.se\/?page_id=580","title":{"rendered":"Christina Nilsdotter       Dockarp"},"content":{"rendered":"<p>Stina came from Dockarp, Adel\u00f6v.<\/p>\n<p>She married Samuel H\u00f6rling from LInder\u00e5s 27\/12 1777 one year before Sara- \u00a0Anna-Gretas mother, was born.<\/p>\n","protected":false},"excerpt":{"rendered":"<p>Stina came from Dockarp, Adel\u00f6v. She married Samuel H\u00f6rling from LInder\u00e5s 27\/12 1777 one year before Sara- \u00a0Anna-Gretas mother, was born.<\/p>\n","protected":false},"author":1,"featured_media":0,"parent":572,"menu_order":2,"comment_status":"open","ping_status":"open","template":"","meta":{"footnotes":""},"class_list":["post-580","page","type-page","status-publish","hentry"],"_links":{"self":[{"href":"https:\/\/ancestry.smars.se\/index.php?rest_route=\/wp\/v2\/pages\/580"}],"collection":[{"href":"https:\/\/ancestry.smars.se\/index.php?rest_route=\/wp\/v2\/pages"}],"about":[{"href":"https:\/\/ancestry.smars.se\/index.php?rest_route=\/wp\/v2\/types\/page"}],"author":[{"embeddable":true,"href":"https:\/\/ancestry.smars.se\/index.php?rest_route=\/wp\/v2\/users\/1"}],"replies":[{"embeddable":true,"href":"https:\/\/ancestry.smars.se\/index.php?rest_route=%2Fwp%2Fv2%2Fcomments&post=580"}],"version-history":[{"count":2,"href":"https:\/\/ancestry.smars.se\/index.php?rest_route=\/wp\/v2\/pages\/580\/revisions"}],"predecessor-version":[{"id":670,"href":"https:\/\/ancestry.smars.se\/index.php?rest_route=\/wp\/v2\/pages\/580\/revisions\/670"}],"up":[{"embeddable":true,"href":"https:\/\/ancestry.smars.se\/index.php?rest_route=\/wp\/v2\/pages\/572"}],"wp:attachment":[{"href":"https:\/\/ancestry.smars.se\/index.php?rest_route=%2Fwp%2Fv2%2Fmedia&parent=580"}],"curies":[{"name":"wp","href":"https:\/\/api.w.org\/{rel}","templated":true}]}}