{"id":574,"date":"2013-01-12T18:28:10","date_gmt":"2013-01-12T18:28:10","guid":{"rendered":"http:\/\/ancestry.smars.se\/?page_id=574"},"modified":"2013-11-27T20:29:44","modified_gmt":"2013-11-27T20:29:44","slug":"sven-hansson-1751-tittan-saby","status":"publish","type":"page","link":"https:\/\/ancestry.smars.se\/?page_id=574","title":{"rendered":"Sven M\u00e5nsson 5\/2 1751 &#8211; 13\/11 1811 &#8211; S\u00e4by"},"content":{"rendered":"<p>Sven was the fathers father of <a title=\"Anna-Greta 29\/10 1812 Humlefall, \u00c4skeryd \u2013 27\/5 1900\" href=\"http:\/\/ancestry.smars.se\/the-ancestors\/anna-greta-2910-1812\">Anna-Greta<\/a>. He was born in <strong>V\u00e4stra R\u00f6dje, S\u00e4by<\/strong>.<\/p>\n<p>He was married to <a title=\"Annika Jonsdotter 18\/7 1750 S\u00e4by\" href=\"http:\/\/ancestry.smars.se\/the-ancestors\/anna-greta-2910-1812\/jonas-svensson-710-1781\/annika-jonsdotter-187-1850-saby\">Annika Jonsdotter<\/a> from Hubbarp, <a href=\"https:\/\/www.google.com\/maps\/ms?msid=202734398850949442153.0004d3448268161a5bfb1&amp;msa=0&amp;ll=58.447733,-9.667969&amp;spn=61.131391,158.027344&amp;iwloc=0004d3be46676e97cc654\" target=\"_blank\">S\u00e4by<\/a>. She was half a \u00a0year older than him and became a small farmer (torpare)<\/p>\n<p>They had a son<a title=\"Jonas Svensson 7\/10 1781 Tittan, S\u00e4by\" href=\"http:\/\/ancestry.smars.se\/the-ancestors\/anna-greta-2910-1812\/jonas-svensson-710-1781\"> Jonas<\/a>, Anna-Gretas father, when he was 30 years old. They had a daughter 2 years later\u00a0<a href=\"http:\/\/www.svedin-horred.se\/register\/a118c9ae1.html\" class=\"broken_link\">Greta Svensdotter<\/a>1783.<\/p>\n<h2>K\u00e4llor<\/h2>\n<table>\n<tbody>\n<tr>\n<td id=\"Source1\">1)<\/td>\n<td>DIS nr 40943<\/td>\n<\/tr>\n<\/tbody>\n<\/table>\n<p>Press\u00a0<a href=\"https:\/\/maps.google.com\/maps\/ms?msa=0&amp;msid=202734398850949442153.0004d3448268161a5bfb1&amp;hl=sv&amp;ie=UTF8&amp;t=m&amp;source=embed&amp;ll=51.062958,-33.36595&amp;spn=19.104647,119.658537&amp;iwloc=0004d3be46676e97cc654\">annagreta and johannes ancestors and descendants<\/a>\u00a0for MAPHe died 13\/11 1811 \u00a060 years old.<\/p>\n","protected":false},"excerpt":{"rendered":"<p>Sven was the fathers father of Anna-Greta. He was born in V\u00e4stra R\u00f6dje, S\u00e4by. He was married to Annika Jonsdotter from Hubbarp, S\u00e4by. She was half a \u00a0year older than him and became a small farmer (torpare) They had a &hellip; <a href=\"https:\/\/ancestry.smars.se\/?page_id=574\">Continue reading <span class=\"meta-nav\">&rarr;<\/span><\/a><\/p>\n","protected":false},"author":1,"featured_media":0,"parent":570,"menu_order":1,"comment_status":"open","ping_status":"open","template":"","meta":{"footnotes":""},"class_list":["post-574","page","type-page","status-publish","hentry"],"_links":{"self":[{"href":"https:\/\/ancestry.smars.se\/index.php?rest_route=\/wp\/v2\/pages\/574"}],"collection":[{"href":"https:\/\/ancestry.smars.se\/index.php?rest_route=\/wp\/v2\/pages"}],"about":[{"href":"https:\/\/ancestry.smars.se\/index.php?rest_route=\/wp\/v2\/types\/page"}],"author":[{"embeddable":true,"href":"https:\/\/ancestry.smars.se\/index.php?rest_route=\/wp\/v2\/users\/1"}],"replies":[{"embeddable":true,"href":"https:\/\/ancestry.smars.se\/index.php?rest_route=%2Fwp%2Fv2%2Fcomments&post=574"}],"version-history":[{"count":9,"href":"https:\/\/ancestry.smars.se\/index.php?rest_route=\/wp\/v2\/pages\/574\/revisions"}],"predecessor-version":[{"id":4013,"href":"https:\/\/ancestry.smars.se\/index.php?rest_route=\/wp\/v2\/pages\/574\/revisions\/4013"}],"up":[{"embeddable":true,"href":"https:\/\/ancestry.smars.se\/index.php?rest_route=\/wp\/v2\/pages\/570"}],"wp:attachment":[{"href":"https:\/\/ancestry.smars.se\/index.php?rest_route=%2Fwp%2Fv2%2Fmedia&parent=574"}],"curies":[{"name":"wp","href":"https:\/\/api.w.org\/{rel}","templated":true}]}}