{"id":572,"date":"2013-01-12T18:25:58","date_gmt":"2013-01-12T18:25:58","guid":{"rendered":"http:\/\/ancestry.smars.se\/?page_id=572"},"modified":"2013-11-27T20:25:40","modified_gmt":"2013-11-27T20:25:40","slug":"sara-samuelsdotter-1810-1778-linderas","status":"publish","type":"page","link":"https:\/\/ancestry.smars.se\/?page_id=572","title":{"rendered":"Sara Samuelsdotter 18\/10 1778 Linder\u00e5s"},"content":{"rendered":"<p>Sara was born 18\/10 1778 in Stubben,<strong>\u00a0<a href=\"https:\/\/www.google.com\/maps\/ms?msid=202734398850949442153.0004d3448268161a5bfb1&amp;msa=0&amp;ll=58.447733,-9.84375&amp;spn=61.131391,158.027344&amp;iwloc=0004d3b9bec16d6894c19\" target=\"_blank\">Linder\u00e5s<\/a><\/strong>.<\/p>\n<address>Her father was a soldier <a href=\"http:\/\/ancestry.smars.se\/wp-admin\/post.php?post=578&amp;action=edit\">Samuel H\u00f6rling<\/a> who died in a war in Finland against Russia when he was 33 years old- Sara was then 12 years old.<\/address>\n<table>\n<tbody>\n<tr>\n<td id=\"Source2\"><\/td>\n<td>She had 3 younger brothers born in H\u00f6gam\u00e5la Soldattorp in Linder\u00e5s:\u00a0Samuel H\u00f6rding 1781-, Anders H\u00f6rding 1784-, Johannes H\u00f6rding 1787-1860<\/td>\n<\/tr>\n<\/tbody>\n<\/table>\n<p>She married 1809 &#8211; 31 years old to Jonas Svensson from<a href=\"https:\/\/www.google.com\/maps\/ms?msid=202734398850949442153.0004d3448268161a5bfb1&amp;msa=0&amp;ll=58.447733,-9.84375&amp;spn=61.131391,158.027344&amp;iwloc=0004d3a529f1b00d5794d\" target=\"_blank\"><strong> Humlefall<\/strong><\/a> and they lived in Humlefall where also their daughter Anna-Greta was born 1812. She was 3 years older than her husband Jonas Svensson from Tittan, S\u00e4by. They settled in Humlefall.<\/p>\n<p>She died 23\/3 1862 in <a href=\"https:\/\/www.google.com\/maps\/ms?msid=202734398850949442153.0004d3448268161a5bfb1&amp;msa=0&amp;ll=58.447733,-9.84375&amp;spn=61.131391,158.027344&amp;iwloc=0004eaf4a06ab1f073132\" target=\"_blank\"><strong>\u00c4lmeberg, Vireda<\/strong>.<\/a> She was the wife of a farmer with all that includes. She became 83 years old.<\/p>\n<p>Source:<\/p>\n<table>\n<tbody>\n<tr>\n<td id=\"Source2\">2)<\/td>\n<td>Sm\u00e5lands soldatregister aktnr JR-00-0203-1777<\/td>\n<\/tr>\n<\/tbody>\n<\/table>\n<p><small>Press\u00a0<a style=\"color: #0000ff; text-align: left;\" href=\"https:\/\/maps.google.com\/maps\/ms?msa=0&amp;msid=202734398850949442153.0004d3448268161a5bfb1&amp;hl=sv&amp;ie=UTF8&amp;t=m&amp;source=embed&amp;ll=51.062958,-33.36595&amp;spn=19.104647,119.658537&amp;iwloc=0004d3b9bec16d6894c19\">annagreta and johannes ancestors and descendants<\/a> for larger map<\/small><\/p>\n","protected":false},"excerpt":{"rendered":"<p>Sara was born 18\/10 1778 in Stubben,\u00a0Linder\u00e5s. Her father was a soldier Samuel H\u00f6rling who died in a war in Finland against Russia when he was 33 years old- Sara was then 12 years old. She had 3 younger brothers &hellip; <a href=\"https:\/\/ancestry.smars.se\/?page_id=572\">Continue reading <span class=\"meta-nav\">&rarr;<\/span><\/a><\/p>\n","protected":false},"author":1,"featured_media":0,"parent":486,"menu_order":2,"comment_status":"open","ping_status":"open","template":"","meta":{"footnotes":""},"class_list":["post-572","page","type-page","status-publish","hentry"],"_links":{"self":[{"href":"https:\/\/ancestry.smars.se\/index.php?rest_route=\/wp\/v2\/pages\/572"}],"collection":[{"href":"https:\/\/ancestry.smars.se\/index.php?rest_route=\/wp\/v2\/pages"}],"about":[{"href":"https:\/\/ancestry.smars.se\/index.php?rest_route=\/wp\/v2\/types\/page"}],"author":[{"embeddable":true,"href":"https:\/\/ancestry.smars.se\/index.php?rest_route=\/wp\/v2\/users\/1"}],"replies":[{"embeddable":true,"href":"https:\/\/ancestry.smars.se\/index.php?rest_route=%2Fwp%2Fv2%2Fcomments&post=572"}],"version-history":[{"count":15,"href":"https:\/\/ancestry.smars.se\/index.php?rest_route=\/wp\/v2\/pages\/572\/revisions"}],"predecessor-version":[{"id":4010,"href":"https:\/\/ancestry.smars.se\/index.php?rest_route=\/wp\/v2\/pages\/572\/revisions\/4010"}],"up":[{"embeddable":true,"href":"https:\/\/ancestry.smars.se\/index.php?rest_route=\/wp\/v2\/pages\/486"}],"wp:attachment":[{"href":"https:\/\/ancestry.smars.se\/index.php?rest_route=%2Fwp%2Fv2%2Fmedia&parent=572"}],"curies":[{"name":"wp","href":"https:\/\/api.w.org\/{rel}","templated":true}]}}