{"id":570,"date":"2013-01-12T18:23:41","date_gmt":"2013-01-12T18:23:41","guid":{"rendered":"http:\/\/ancestry.smars.se\/?page_id=570"},"modified":"2014-04-18T19:41:48","modified_gmt":"2014-04-18T19:41:48","slug":"jonas-svensson-710-1781","status":"publish","type":"page","link":"https:\/\/ancestry.smars.se\/?page_id=570","title":{"rendered":"Jonas Svensson 7\/10 1781 Tittan, S\u00e4by"},"content":{"rendered":"<p>Jonas born 7\/10 1781 in Tittan, <a href=\"https:\/\/www.google.com\/maps\/ms?msid=202734398850949442153.0004d3448268161a5bfb1&amp;msa=0&amp;ll=58.447733,-9.667969&amp;spn=61.131391,158.027344&amp;iwloc=0004d3be46676e97cc654\" target=\"_blank\">S\u00e4by<\/a>. He had a little sister born 1783 called <a href=\"http:\/\/www.svedin-horred.se\/register\/a118c9ae1.html\" target=\"_blank\" class=\"broken_link\">Greta<\/a>.<\/p>\n<p>He married <a title=\"Sara Samuelsdotter 18\/10 1778 Linder\u00e5s\" href=\"http:\/\/ancestry.smars.se\/the-ancestors\/anna-greta-2910-1812\/sara-samuelsdotter-1810-1778-linderas\" target=\"_blank\">Sara Samuelsdotter<\/a> from Linder\u00e5s 1809 at the age of 28.<\/p>\n<p>They moved to<a href=\"https:\/\/www.google.com\/maps\/ms?msid=202734398850949442153.0004d3448268161a5bfb1&amp;msa=0&amp;ll=58.447733,-9.667969&amp;spn=61.131391,158.027344&amp;iwloc=0004d3a529f1b00d5794d\" target=\"_blank\"> Humlefall<\/a>, Adel\u00f6v and had their children there. He was a farmer.<\/p>\n<p>He was 31 years old when he had the daughter <a title=\"Anna-Greta 29\/10 1812 Humlefall, \u00c4skeryd \u2013 27\/5 1900\" href=\"http:\/\/ancestry.smars.se\/the-ancestors\/anna-greta-2910-1812\" target=\"_blank\">Anna-Greta<\/a>.<\/p>\n<p>He died 6\/3 1860 in Vireda 78 years old.<\/p>\n<p>&nbsp;<\/p>\n<p><small>Press\u00a0<a style=\"color: #0000ff; text-align: left;\" href=\"https:\/\/maps.google.com\/maps\/ms?msa=0&amp;msid=202734398850949442153.0004d3448268161a5bfb1&amp;hl=sv&amp;ie=UTF8&amp;t=m&amp;source=embed&amp;ll=51.062958,-33.36595&amp;spn=19.104647,119.658537&amp;iwloc=0004d3be46676e97cc654\">annagreta and johannes ancestors and descendants<\/a> for MAP<\/small><\/p>\n","protected":false},"excerpt":{"rendered":"<p>Jonas born 7\/10 1781 in Tittan, S\u00e4by. He had a little sister born 1783 called Greta. He married Sara Samuelsdotter from Linder\u00e5s 1809 at the age of 28. They moved to Humlefall, Adel\u00f6v and had their children there. He was &hellip; <a href=\"https:\/\/ancestry.smars.se\/?page_id=570\">Continue reading <span class=\"meta-nav\">&rarr;<\/span><\/a><\/p>\n","protected":false},"author":1,"featured_media":0,"parent":486,"menu_order":1,"comment_status":"open","ping_status":"open","template":"","meta":{"footnotes":""},"class_list":["post-570","page","type-page","status-publish","hentry"],"_links":{"self":[{"href":"https:\/\/ancestry.smars.se\/index.php?rest_route=\/wp\/v2\/pages\/570"}],"collection":[{"href":"https:\/\/ancestry.smars.se\/index.php?rest_route=\/wp\/v2\/pages"}],"about":[{"href":"https:\/\/ancestry.smars.se\/index.php?rest_route=\/wp\/v2\/types\/page"}],"author":[{"embeddable":true,"href":"https:\/\/ancestry.smars.se\/index.php?rest_route=\/wp\/v2\/users\/1"}],"replies":[{"embeddable":true,"href":"https:\/\/ancestry.smars.se\/index.php?rest_route=%2Fwp%2Fv2%2Fcomments&post=570"}],"version-history":[{"count":14,"href":"https:\/\/ancestry.smars.se\/index.php?rest_route=\/wp\/v2\/pages\/570\/revisions"}],"predecessor-version":[{"id":4681,"href":"https:\/\/ancestry.smars.se\/index.php?rest_route=\/wp\/v2\/pages\/570\/revisions\/4681"}],"up":[{"embeddable":true,"href":"https:\/\/ancestry.smars.se\/index.php?rest_route=\/wp\/v2\/pages\/486"}],"wp:attachment":[{"href":"https:\/\/ancestry.smars.se\/index.php?rest_route=%2Fwp%2Fv2%2Fmedia&parent=570"}],"curies":[{"name":"wp","href":"https:\/\/api.w.org\/{rel}","templated":true}]}}