{"id":541,"date":"2013-01-11T19:44:46","date_gmt":"2013-01-11T19:44:46","guid":{"rendered":"http:\/\/ancestry.smars.se\/?page_id=541"},"modified":"2013-07-24T17:11:15","modified_gmt":"2013-07-24T17:11:15","slug":"marta-persdotter-207-1756-315-1793","status":"publish","type":"page","link":"https:\/\/ancestry.smars.se\/?page_id=541","title":{"rendered":"M\u00e4rta Persdotter 20\/7 1756 &#8211; 31\/5 1793 Bj\u00f6rk"},"content":{"rendered":"<p>M\u00e4rta was born in Bj\u00f6rk. 1756\/58??<\/p>\n<p>She married H\u00e5kans father Johannes H\u00e5kansson from Boeryd in octobre 1779 at the age of 23 and had Johannes at the age of 26.<\/p>\n<p>She died at the age of 37 when H\u00e5kan was 11 years old.<\/p>\n","protected":false},"excerpt":{"rendered":"<p>M\u00e4rta was born in Bj\u00f6rk. 1756\/58?? She married H\u00e5kans father Johannes H\u00e5kansson from Boeryd in octobre 1779 at the age of 23 and had Johannes at the age of 26. She died at the age of 37 when H\u00e5kan was &hellip; <a href=\"https:\/\/ancestry.smars.se\/?page_id=541\">Continue reading <span class=\"meta-nav\">&rarr;<\/span><\/a><\/p>\n","protected":false},"author":1,"featured_media":0,"parent":511,"menu_order":2,"comment_status":"open","ping_status":"open","template":"","meta":{"footnotes":""},"class_list":["post-541","page","type-page","status-publish","hentry"],"_links":{"self":[{"href":"https:\/\/ancestry.smars.se\/index.php?rest_route=\/wp\/v2\/pages\/541"}],"collection":[{"href":"https:\/\/ancestry.smars.se\/index.php?rest_route=\/wp\/v2\/pages"}],"about":[{"href":"https:\/\/ancestry.smars.se\/index.php?rest_route=\/wp\/v2\/types\/page"}],"author":[{"embeddable":true,"href":"https:\/\/ancestry.smars.se\/index.php?rest_route=\/wp\/v2\/users\/1"}],"replies":[{"embeddable":true,"href":"https:\/\/ancestry.smars.se\/index.php?rest_route=%2Fwp%2Fv2%2Fcomments&post=541"}],"version-history":[{"count":5,"href":"https:\/\/ancestry.smars.se\/index.php?rest_route=\/wp\/v2\/pages\/541\/revisions"}],"predecessor-version":[{"id":744,"href":"https:\/\/ancestry.smars.se\/index.php?rest_route=\/wp\/v2\/pages\/541\/revisions\/744"}],"up":[{"embeddable":true,"href":"https:\/\/ancestry.smars.se\/index.php?rest_route=\/wp\/v2\/pages\/511"}],"wp:attachment":[{"href":"https:\/\/ancestry.smars.se\/index.php?rest_route=%2Fwp%2Fv2%2Fmedia&parent=541"}],"curies":[{"name":"wp","href":"https:\/\/api.w.org\/{rel}","templated":true}]}}