{"id":535,"date":"2013-01-11T19:29:00","date_gmt":"2013-01-11T19:29:00","guid":{"rendered":"http:\/\/ancestry.smars.se\/?page_id=535"},"modified":"2013-02-24T14:29:36","modified_gmt":"2013-02-24T14:29:36","slug":"mans-1675-sotasa","status":"publish","type":"page","link":"https:\/\/ancestry.smars.se\/?page_id=535","title":{"rendered":"M\u00e5ns           1675 S\u00d6T\u00c5SA*"},"content":{"rendered":"<p>M\u00e5ns was born at S\u00f6t\u00e5sa and is the first one we know was born there among the ancestors. He was the father of Lars who inherited S\u00f6t\u00e5sa. He was 26 years when Lars was born.<\/p>\n<p>Show Google MAP for\u00a0<a href=\"https:\/\/maps.google.com\/maps\/ms?msa=0&amp;msid=202734398850949442153.0004d3448268161a5bfb1&amp;hl=sv&amp;ie=UTF8&amp;ll=51.062958,-33.36595&amp;spn=19.104647,119.658537&amp;t=m&amp;iwloc=0004d344d0427b8cf1652&amp;source=embed\">annagreta and johannes ancestors and descendants<\/a>\u00a0in a bigger map<\/p>\n","protected":false},"excerpt":{"rendered":"<p>M\u00e5ns was born at S\u00f6t\u00e5sa and is the first one we know was born there among the ancestors. He was the father of Lars who inherited S\u00f6t\u00e5sa. He was 26 years when Lars was born. Show Google MAP for\u00a0annagreta and &hellip; <a href=\"https:\/\/ancestry.smars.se\/?page_id=535\">Continue reading <span class=\"meta-nav\">&rarr;<\/span><\/a><\/p>\n","protected":false},"author":1,"featured_media":0,"parent":532,"menu_order":1,"comment_status":"open","ping_status":"open","template":"","meta":{"footnotes":""},"class_list":["post-535","page","type-page","status-publish","hentry"],"_links":{"self":[{"href":"https:\/\/ancestry.smars.se\/index.php?rest_route=\/wp\/v2\/pages\/535"}],"collection":[{"href":"https:\/\/ancestry.smars.se\/index.php?rest_route=\/wp\/v2\/pages"}],"about":[{"href":"https:\/\/ancestry.smars.se\/index.php?rest_route=\/wp\/v2\/types\/page"}],"author":[{"embeddable":true,"href":"https:\/\/ancestry.smars.se\/index.php?rest_route=\/wp\/v2\/users\/1"}],"replies":[{"embeddable":true,"href":"https:\/\/ancestry.smars.se\/index.php?rest_route=%2Fwp%2Fv2%2Fcomments&post=535"}],"version-history":[{"count":3,"href":"https:\/\/ancestry.smars.se\/index.php?rest_route=\/wp\/v2\/pages\/535\/revisions"}],"predecessor-version":[{"id":1025,"href":"https:\/\/ancestry.smars.se\/index.php?rest_route=\/wp\/v2\/pages\/535\/revisions\/1025"}],"up":[{"embeddable":true,"href":"https:\/\/ancestry.smars.se\/index.php?rest_route=\/wp\/v2\/pages\/532"}],"wp:attachment":[{"href":"https:\/\/ancestry.smars.se\/index.php?rest_route=%2Fwp%2Fv2%2Fmedia&parent=535"}],"curies":[{"name":"wp","href":"https:\/\/api.w.org\/{rel}","templated":true}]}}