{"id":523,"date":"2013-01-11T19:18:29","date_gmt":"2013-01-11T19:18:29","guid":{"rendered":"http:\/\/ancestry.smars.se\/?page_id=523"},"modified":"2014-08-14T00:53:18","modified_gmt":"2014-08-14T00:53:18","slug":"cecilia-larsdotter-268-1723","status":"publish","type":"page","link":"https:\/\/ancestry.smars.se\/?page_id=523","title":{"rendered":"Cicilia Larsdotter 26\/8 1723 S\u00d6T\u00c5SA-"},"content":{"rendered":"<p>Cicilia was born in S\u00f6t\u00e5sa 26 August 1723.<\/p>\n<p style=\"text-align: center;\"><a href=\"wp-content\/uploads\/2013\/01\/Cicilia-Larsdotter-f\u00f6dsel-26-aug-1723.jpg\"><img loading=\"lazy\" decoding=\"async\" class=\"size-medium wp-image-4724 aligncenter\" title=\"Cicilia Larsdotter f\u00f6dsel 26 aug 1723\" alt=\"Cicilia Larsdotter f\u00f6dsel 26 aug 1723\" src=\"wp-content\/uploads\/2013\/01\/Cicilia-Larsdotter-f\u00f6dsel-26-aug-1723-300x239.jpg\" width=\"300\" height=\"239\" srcset=\"https:\/\/ancestry.smars.se\/wp-content\/uploads\/2013\/01\/Cicilia-Larsdotter-f\u00f6dsel-26-aug-1723-300x239.jpg 300w, https:\/\/ancestry.smars.se\/wp-content\/uploads\/2013\/01\/Cicilia-Larsdotter-f\u00f6dsel-26-aug-1723-1024x816.jpg 1024w, https:\/\/ancestry.smars.se\/wp-content\/uploads\/2013\/01\/Cicilia-Larsdotter-f\u00f6dsel-26-aug-1723-376x300.jpg 376w\" sizes=\"(max-width: 300px) 100vw, 300px\" \/><\/a><\/p>\n<p>She married Lars Kiellberg 26\/5 1760 at the age of 37 years. &#8211;<em> (It says she comes from B\u00e5llarp*-marriage-churchbook- she was probably working there at the time)\u00a0<\/em>He was 7 years younger than her. They lived at K\u00e4llevik, the close neighbouring farm southeast of S\u00f6t\u00e5sa. They had 3 children: Johan, Maria and Stina.<\/p>\n<p style=\"text-align: center;\"><a href=\"wp-content\/uploads\/2013\/01\/Vigsel-Lars-Kjellberg-o-Cisilia-Larsdotter-26-maj-1760.jpg\"><img loading=\"lazy\" decoding=\"async\" class=\"size-medium wp-image-4719 aligncenter\" title=\"Marriage of Lars Kjellberg o Cisilia Larsdotter 26 maj 1760\" alt=\"\" src=\"wp-content\/uploads\/2013\/01\/Vigsel-Lars-Kjellberg-o-Cisilia-Larsdotter-26-maj-1760-300x239.jpg\" width=\"300\" height=\"239\" srcset=\"https:\/\/ancestry.smars.se\/wp-content\/uploads\/2013\/01\/Vigsel-Lars-Kjellberg-o-Cisilia-Larsdotter-26-maj-1760-300x239.jpg 300w, https:\/\/ancestry.smars.se\/wp-content\/uploads\/2013\/01\/Vigsel-Lars-Kjellberg-o-Cisilia-Larsdotter-26-maj-1760-1024x816.jpg 1024w, https:\/\/ancestry.smars.se\/wp-content\/uploads\/2013\/01\/Vigsel-Lars-Kjellberg-o-Cisilia-Larsdotter-26-maj-1760-376x300.jpg 376w\" sizes=\"(max-width: 300px) 100vw, 300px\" \/><\/a><\/p>\n<p>Stina was born 1769 when Sisilia &#8211; her mother was 46.\u00a0\u00a0Sisilia is the grand-mother of our Johannes- Stina being his mother.<\/p>\n<p>Sisilia and her husband Lars lived at K\u00e4llevik until Lars died 1800. Cicilia then went to stay with her son Johan who now was living at B\u00e5llarp, a farm northeast of S\u00f6t\u00e5sa. Johans wife became sick 1896 and his sister Stina moved there in 1897. Later Johan moved back to K\u00e4llevik, but after Cicilias death.<\/p>\n<p>Sisilia was 77 years old at the time of her husbands death.<\/p>\n<p>Show Google MAP for\u00a0<a href=\"https:\/\/maps.google.com\/maps\/ms?msa=0&amp;msid=202734398850949442153.0004d3448268161a5bfb1&amp;hl=sv&amp;ie=UTF8&amp;ll=51.062958,-33.36595&amp;spn=19.104647,119.658537&amp;t=m&amp;iwloc=0004d344d0427b8cf1652&amp;source=embed\">annagreta and johannes ancestors and descendants<\/a>\u00a0in a bigger map<\/p>\n<p>Churchbook-references of Cicilia:<\/p>\n<p style=\"text-align: center;\"><a href=\"wp-content\/uploads\/2013\/01\/Cicilia-Larsdotter-o-Lars-Kiellberg-S\u00f6t\u00e5sa-1789-94.jpg\"><img loading=\"lazy\" decoding=\"async\" class=\"wp-image-4671 aligncenter\" title=\"Cicilia Larsdotter o Lars Kiellberg Kiellevik 1789-94\" alt=\"\" src=\"wp-content\/uploads\/2013\/01\/Cicilia-Larsdotter-o-Lars-Kiellberg-S\u00f6t\u00e5sa-1789-94-300x238.jpg\" width=\"300\" height=\"238\" srcset=\"https:\/\/ancestry.smars.se\/wp-content\/uploads\/2013\/01\/Cicilia-Larsdotter-o-Lars-Kiellberg-S\u00f6t\u00e5sa-1789-94-300x238.jpg 300w, https:\/\/ancestry.smars.se\/wp-content\/uploads\/2013\/01\/Cicilia-Larsdotter-o-Lars-Kiellberg-S\u00f6t\u00e5sa-1789-94-1024x814.jpg 1024w, https:\/\/ancestry.smars.se\/wp-content\/uploads\/2013\/01\/Cicilia-Larsdotter-o-Lars-Kiellberg-S\u00f6t\u00e5sa-1789-94-377x300.jpg 377w\" sizes=\"(max-width: 300px) 100vw, 300px\" \/><\/a><\/p>\n<p style=\"text-align: center;\"><a href=\"wp-content\/uploads\/2013\/01\/Lars-K\u00e4llberg-o-Cicilia-Larsdotter-1795-.jpg\"><img loading=\"lazy\" decoding=\"async\" class=\"wp-image-4665 aligncenter\" title=\"Lars K\u00e4llberg o Cicilia Larsdotter 1795 -\" alt=\"\" src=\"wp-content\/uploads\/2013\/01\/Lars-K\u00e4llberg-o-Cicilia-Larsdotter-1795--300x256.jpg\" width=\"300\" height=\"256\" srcset=\"https:\/\/ancestry.smars.se\/wp-content\/uploads\/2013\/01\/Lars-K\u00e4llberg-o-Cicilia-Larsdotter-1795--300x256.jpg 300w, https:\/\/ancestry.smars.se\/wp-content\/uploads\/2013\/01\/Lars-K\u00e4llberg-o-Cicilia-Larsdotter-1795--1024x874.jpg 1024w, https:\/\/ancestry.smars.se\/wp-content\/uploads\/2013\/01\/Lars-K\u00e4llberg-o-Cicilia-Larsdotter-1795--351x300.jpg 351w\" sizes=\"(max-width: 300px) 100vw, 300px\" \/><\/a><\/p>\n<p style=\"text-align: center;\"><a href=\"wp-content\/uploads\/2013\/01\/1797-Stina-o-Johan-Larsdtr-son-m-mor-Cisilia-Larsdtr-till-B\u00e5llarp.jpg\"><img loading=\"lazy\" decoding=\"async\" class=\"size-medium wp-image-4775 aligncenter\" title=\"1797- Stina o Johan Larsdtr-son with mother  Cisilia Larsdtr till B\u00e5llarp\" alt=\"\" src=\"wp-content\/uploads\/2013\/01\/1797-Stina-o-Johan-Larsdtr-son-m-mor-Cisilia-Larsdtr-till-B\u00e5llarp-300x240.jpg\" width=\"300\" height=\"240\" srcset=\"https:\/\/ancestry.smars.se\/wp-content\/uploads\/2013\/01\/1797-Stina-o-Johan-Larsdtr-son-m-mor-Cisilia-Larsdtr-till-B\u00e5llarp-300x240.jpg 300w, https:\/\/ancestry.smars.se\/wp-content\/uploads\/2013\/01\/1797-Stina-o-Johan-Larsdtr-son-m-mor-Cisilia-Larsdtr-till-B\u00e5llarp-1024x819.jpg 1024w, https:\/\/ancestry.smars.se\/wp-content\/uploads\/2013\/01\/1797-Stina-o-Johan-Larsdtr-son-m-mor-Cisilia-Larsdtr-till-B\u00e5llarp-375x300.jpg 375w\" sizes=\"(max-width: 300px) 100vw, 300px\" \/><\/a><\/p>\n<p>&nbsp;<\/p>\n","protected":false},"excerpt":{"rendered":"<p>Cicilia was born in S\u00f6t\u00e5sa 26 August 1723. She married Lars Kiellberg 26\/5 1760 at the age of 37 years. &#8211; (It says she comes from B\u00e5llarp*-marriage-churchbook- she was probably working there at the time)\u00a0He was 7 years younger than &hellip; <a href=\"https:\/\/ancestry.smars.se\/?page_id=523\">Continue reading <span class=\"meta-nav\">&rarr;<\/span><\/a><\/p>\n","protected":false},"author":1,"featured_media":0,"parent":513,"menu_order":2,"comment_status":"open","ping_status":"open","template":"","meta":{"footnotes":""},"class_list":["post-523","page","type-page","status-publish","hentry"],"_links":{"self":[{"href":"https:\/\/ancestry.smars.se\/index.php?rest_route=\/wp\/v2\/pages\/523"}],"collection":[{"href":"https:\/\/ancestry.smars.se\/index.php?rest_route=\/wp\/v2\/pages"}],"about":[{"href":"https:\/\/ancestry.smars.se\/index.php?rest_route=\/wp\/v2\/types\/page"}],"author":[{"embeddable":true,"href":"https:\/\/ancestry.smars.se\/index.php?rest_route=\/wp\/v2\/users\/1"}],"replies":[{"embeddable":true,"href":"https:\/\/ancestry.smars.se\/index.php?rest_route=%2Fwp%2Fv2%2Fcomments&post=523"}],"version-history":[{"count":29,"href":"https:\/\/ancestry.smars.se\/index.php?rest_route=\/wp\/v2\/pages\/523\/revisions"}],"predecessor-version":[{"id":3618,"href":"https:\/\/ancestry.smars.se\/index.php?rest_route=\/wp\/v2\/pages\/523\/revisions\/3618"}],"up":[{"embeddable":true,"href":"https:\/\/ancestry.smars.se\/index.php?rest_route=\/wp\/v2\/pages\/513"}],"wp:attachment":[{"href":"https:\/\/ancestry.smars.se\/index.php?rest_route=%2Fwp%2Fv2%2Fmedia&parent=523"}],"curies":[{"name":"wp","href":"https:\/\/api.w.org\/{rel}","templated":true}]}}