{"id":518,"date":"2013-01-11T19:07:15","date_gmt":"2013-01-11T19:07:15","guid":{"rendered":"http:\/\/ancestry.smars.se\/?page_id=518"},"modified":"2014-08-11T01:55:26","modified_gmt":"2014-08-11T01:55:26","slug":"lars-kielberg-1727","status":"publish","type":"page","link":"https:\/\/ancestry.smars.se\/?page_id=518","title":{"rendered":"Lars Johansson Kjellberg 1730 &#8211; 11 Dec 1800"},"content":{"rendered":"<p>Born in Adel\u00f6f. He lived at K\u00e4llevik, the neighbouring farm of S\u00f6t\u00e5sa South farm.<\/p>\n<p style=\"text-align: center;\"><a href=\"wp-content\/uploads\/2013\/01\/1730-Lars-Johansson-f\u00f6dd-30-okt-i-Adel\u00f6v-Gid-nr-971.18.74600.jpg\"><img loading=\"lazy\" decoding=\"async\" class=\"size-medium wp-image-4728 aligncenter\" title=\"1730 Lars Johansson f\u00f6dd 30 okt i Adel\u00f6v Gid nr 971.18.74600\" alt=\"\" src=\"wp-content\/uploads\/2013\/01\/1730-Lars-Johansson-f\u00f6dd-30-okt-i-Adel\u00f6v-Gid-nr-971.18.74600-300x239.jpg\" width=\"300\" height=\"239\" srcset=\"https:\/\/ancestry.smars.se\/wp-content\/uploads\/2013\/01\/1730-Lars-Johansson-f\u00f6dd-30-okt-i-Adel\u00f6v-Gid-nr-971.18.74600-300x239.jpg 300w, https:\/\/ancestry.smars.se\/wp-content\/uploads\/2013\/01\/1730-Lars-Johansson-f\u00f6dd-30-okt-i-Adel\u00f6v-Gid-nr-971.18.74600-1024x816.jpg 1024w, https:\/\/ancestry.smars.se\/wp-content\/uploads\/2013\/01\/1730-Lars-Johansson-f\u00f6dd-30-okt-i-Adel\u00f6v-Gid-nr-971.18.74600-376x300.jpg 376w\" sizes=\"(max-width: 300px) 100vw, 300px\" \/><\/a><\/p>\n<p>He seems to have been married before he married Cecilia: with <a href=\"http:\/\/interactive.ancestry.com\/2225\/IJ-1467_971__1-000100?backurl=http%3a%2f%2fsearch.ancestry.com%2fsearch%2fdb.aspx%3fdbid%3d2225%26path%3d&amp;ssrc=&amp;backlabel=ReturnBrowsing#?imageId=IJ-1467_971__1-001200\" target=\"_blank\">Stina Johnsdotter<\/a> who must have died&#8230;?<\/p>\n<p style=\"text-align: center;\"><a style=\"font-size: 15.454545021057129px; font-style: normal; line-height: 22.159090042114258px; text-decoration: underline; text-align: center;\" href=\"wp-content\/uploads\/2013\/01\/Lars-Kjellbergh-o-Cisilia-Larsdtr-1793-i-K\u00e4llevik.jpg\"><img loading=\"lazy\" decoding=\"async\" class=\"size-medium wp-image-4710 aligncenter\" style=\"border-color: #bbbbbb; margin-top: 0.4em; background: #eeeeee;\" title=\"Lars Kjellbergh o Cisilia Larsdtr -1793 i K\u00e4llevik\" alt=\"\" src=\"wp-content\/uploads\/2013\/01\/Lars-Kjellbergh-o-Cisilia-Larsdtr-1793-i-K\u00e4llevik-300x249.jpg\" width=\"300\" height=\"249\" srcset=\"https:\/\/ancestry.smars.se\/wp-content\/uploads\/2013\/01\/Lars-Kjellbergh-o-Cisilia-Larsdtr-1793-i-K\u00e4llevik-300x249.jpg 300w, https:\/\/ancestry.smars.se\/wp-content\/uploads\/2013\/01\/Lars-Kjellbergh-o-Cisilia-Larsdtr-1793-i-K\u00e4llevik-1024x851.jpg 1024w, https:\/\/ancestry.smars.se\/wp-content\/uploads\/2013\/01\/Lars-Kjellbergh-o-Cisilia-Larsdtr-1793-i-K\u00e4llevik-360x300.jpg 360w\" sizes=\"(max-width: 300px) 100vw, 300px\" \/><\/a>\u00a0<a href=\"wp-content\/uploads\/2013\/01\/Cicilia-Larsdotter-o-Lars-Kiellberg-S\u00f6t\u00e5sa-1789-941.jpg\"><br \/>\n<\/a><\/p>\n<p style=\"text-align: center;\">He married\u00a0<a title=\"Cecilia Larsdotter 26\/8 1723 S\u00d6T\u00c5SA*\" href=\"http:\/\/ancestry.smars.se\/the-ancestors\/johannes-72-1809\/stina-larsdotter-291-1770\/cecilia-larsdotter-268-1723\" target=\"_blank\">Sicilia Larsdotter<\/a> 26\/5 1760 at an age of 30 years. They lived at K\u00e4llevik- the neighbouring farm of S\u00f6t\u00e5sa, where Lars came from. At the time a Jonas Svensson born 1829 lived at <a title=\"S\u00d6T\u00c5SA S\u00d6DERG\u00c5RD (=South Farm of S\u00f6t\u00e5sa) in Adel\u00f6v Parish, Norra Vedbo district, J\u00f6nk\u00f6pings county, Sm\u00e5land Sweden\" href=\"http:\/\/ancestry.smars.se\/sotasa-sodergard-south-farm-of-sotasa-in-adelov-parish-norra-vedbo-jonkopings-county-smaland-sweden\">S\u00f6t\u00e5sa S\u00f6reg\u00e5rd<\/a>.<a href=\"wp-content\/uploads\/2013\/01\/Vigsel-Lars-Kjellberg-o-Cisilia-Larsdotter-26-maj-1760.jpg\"><a style=\"font-size: 15.454545021057129px; font-style: normal; line-height: 22.159090042114258px; text-decoration: underline;\" href=\"wp-content\/uploads\/2013\/01\/Vigsel-Lars-Kjellberg-o-Cisilia-Larsdotter-26-maj-1760.jpg\"><img loading=\"lazy\" decoding=\"async\" class=\"size-medium wp-image-4719 aligncenter\" style=\"border-color: #bbbbbb; background: #eeeeee;\" title=\"Marriage Lars Kjellberg o Cisilia Larsdotter 26 maj 1760\" alt=\"\" src=\"wp-content\/uploads\/2013\/01\/Vigsel-Lars-Kjellberg-o-Cisilia-Larsdotter-26-maj-1760-300x239.jpg\" width=\"300\" height=\"239\" srcset=\"https:\/\/ancestry.smars.se\/wp-content\/uploads\/2013\/01\/Vigsel-Lars-Kjellberg-o-Cisilia-Larsdotter-26-maj-1760-300x239.jpg 300w, https:\/\/ancestry.smars.se\/wp-content\/uploads\/2013\/01\/Vigsel-Lars-Kjellberg-o-Cisilia-Larsdotter-26-maj-1760-1024x816.jpg 1024w, https:\/\/ancestry.smars.se\/wp-content\/uploads\/2013\/01\/Vigsel-Lars-Kjellberg-o-Cisilia-Larsdotter-26-maj-1760-376x300.jpg 376w\" sizes=\"(max-width: 300px) 100vw, 300px\" \/><\/a><\/a><\/p>\n<p style=\"text-align: center;\"><span style=\"color: #1b8be0;\"><span style=\"text-decoration: underline;\">\u00a0<\/span><\/span><\/p>\n<p>\u00a0Lars and Sisilia had 3 children of whom Stina was the father of Johannes.\u00a0<a title=\"Stina Larsdotter 29\/1 1770 S\u00d6T\u00c5SA*\" href=\"http:\/\/ancestry.smars.se\/the-ancestors\/johannes-72-1809\/stina-larsdotter-291-1770\" target=\"_blank\">Stina<\/a>\u00a0was born 1770 as no 3 of the children when he was 43 years old.<\/p>\n<p>&nbsp;<br \/>\n<a style=\"font-size: 15.454545021057129px; font-style: normal; line-height: 22.159090042114258px; text-decoration: underline; text-align: center;\" href=\"wp-content\/uploads\/2013\/01\/Cicilia-Larsdotter-o-Lars-Kiellberg-S\u00f6t\u00e5sa-1789-941.jpg\"><img loading=\"lazy\" decoding=\"async\" class=\"size-medium wp-image-4703 aligncenter\" style=\"border-color: #bbbbbb; background: #eeeeee;\" title=\"Cicilia Larsdotter o Lars Kiellberg S\u00f6t\u00e5sa 1789-94\" alt=\"\" src=\"wp-content\/uploads\/2013\/01\/Cicilia-Larsdotter-o-Lars-Kiellberg-S\u00f6t\u00e5sa-1789-941-300x238.jpg\" width=\"300\" height=\"238\" srcset=\"https:\/\/ancestry.smars.se\/wp-content\/uploads\/2013\/01\/Cicilia-Larsdotter-o-Lars-Kiellberg-S\u00f6t\u00e5sa-1789-941-300x238.jpg 300w, https:\/\/ancestry.smars.se\/wp-content\/uploads\/2013\/01\/Cicilia-Larsdotter-o-Lars-Kiellberg-S\u00f6t\u00e5sa-1789-941-1024x814.jpg 1024w, https:\/\/ancestry.smars.se\/wp-content\/uploads\/2013\/01\/Cicilia-Larsdotter-o-Lars-Kiellberg-S\u00f6t\u00e5sa-1789-941-377x300.jpg 377w\" sizes=\"(max-width: 300px) 100vw, 300px\" \/><\/a><\/p>\n<div><\/div>\n<div><em>They seem to have moved away from K\u00e4llevik after 1797. The childrens and Cecilias address became B\u00e5llarp (farm north-east of S\u00f6t\u00e5sa)<\/em><\/div>\n<p>He died 11\/12 1800 by age in Adel\u00f6v- he became 70 years old- described being the former farmer of K\u00e4llevik. Note that only a few days before, same-aged Jonas Svensson living at S\u00f6t\u00e5sa \u00a0South by 1793, died the 26th of Nov 1800. The death cause was the same &#8211; aging.<\/p>\n<p style=\"text-align: center;\"><a href=\"wp-content\/uploads\/2013\/01\/Lars-Kjellbergs-d\u00f6d-11-dec-1800.jpg\"><img loading=\"lazy\" decoding=\"async\" class=\"size-medium wp-image-4706 aligncenter\" title=\"The death of Lars 11 of Dec 1800\" alt=\"Lars Kjellbergs d\u00f6d 11 dec 1800\" src=\"wp-content\/uploads\/2013\/01\/Lars-Kjellbergs-d\u00f6d-11-dec-1800-300x247.jpg\" width=\"300\" height=\"247\" srcset=\"https:\/\/ancestry.smars.se\/wp-content\/uploads\/2013\/01\/Lars-Kjellbergs-d\u00f6d-11-dec-1800-300x247.jpg 300w, https:\/\/ancestry.smars.se\/wp-content\/uploads\/2013\/01\/Lars-Kjellbergs-d\u00f6d-11-dec-1800-1024x843.jpg 1024w, https:\/\/ancestry.smars.se\/wp-content\/uploads\/2013\/01\/Lars-Kjellbergs-d\u00f6d-11-dec-1800-364x300.jpg 364w\" sizes=\"(max-width: 300px) 100vw, 300px\" \/><\/a><\/p>\n<p>&nbsp;<\/p>\n","protected":false},"excerpt":{"rendered":"<p>Born in Adel\u00f6f. He lived at K\u00e4llevik, the neighbouring farm of S\u00f6t\u00e5sa South farm. He seems to have been married before he married Cecilia: with Stina Johnsdotter who must have died&#8230;? \u00a0 He married\u00a0Sicilia Larsdotter 26\/5 1760 at an age &hellip; <a href=\"https:\/\/ancestry.smars.se\/?page_id=518\">Continue reading <span class=\"meta-nav\">&rarr;<\/span><\/a><\/p>\n","protected":false},"author":1,"featured_media":0,"parent":513,"menu_order":1,"comment_status":"open","ping_status":"open","template":"","meta":{"footnotes":""},"class_list":["post-518","page","type-page","status-publish","hentry"],"_links":{"self":[{"href":"https:\/\/ancestry.smars.se\/index.php?rest_route=\/wp\/v2\/pages\/518"}],"collection":[{"href":"https:\/\/ancestry.smars.se\/index.php?rest_route=\/wp\/v2\/pages"}],"about":[{"href":"https:\/\/ancestry.smars.se\/index.php?rest_route=\/wp\/v2\/types\/page"}],"author":[{"embeddable":true,"href":"https:\/\/ancestry.smars.se\/index.php?rest_route=\/wp\/v2\/users\/1"}],"replies":[{"embeddable":true,"href":"https:\/\/ancestry.smars.se\/index.php?rest_route=%2Fwp%2Fv2%2Fcomments&post=518"}],"version-history":[{"count":29,"href":"https:\/\/ancestry.smars.se\/index.php?rest_route=\/wp\/v2\/pages\/518\/revisions"}],"predecessor-version":[{"id":521,"href":"https:\/\/ancestry.smars.se\/index.php?rest_route=\/wp\/v2\/pages\/518\/revisions\/521"}],"up":[{"embeddable":true,"href":"https:\/\/ancestry.smars.se\/index.php?rest_route=\/wp\/v2\/pages\/513"}],"wp:attachment":[{"href":"https:\/\/ancestry.smars.se\/index.php?rest_route=%2Fwp%2Fv2%2Fmedia&parent=518"}],"curies":[{"name":"wp","href":"https:\/\/api.w.org\/{rel}","templated":true}]}}