{"id":513,"date":"2013-01-11T18:53:24","date_gmt":"2013-01-11T18:53:24","guid":{"rendered":"http:\/\/ancestry.smars.se\/?page_id=513"},"modified":"2014-04-17T07:11:05","modified_gmt":"2014-04-17T07:11:05","slug":"stina-larsdotter-291-1770","status":"publish","type":"page","link":"https:\/\/ancestry.smars.se\/?page_id=513","title":{"rendered":"Stina Larsdotter 29\/1 1769 S\u00d6T\u00c5SA* &#8211; 28\/2 1842"},"content":{"rendered":"<address><em>(Cover View from S\u00f6t\u00e5sa)<\/em><\/address>\n<address>Stina was born as no 3 of 3 children of <a title=\"Cicilia Larsdotter 26\/8 1723 S\u00d6T\u00c5SA-\" href=\"http:\/\/ancestry.smars.se\/the-ancestors\/johannes-72-1809\/stina-larsdotter-291-1770\/cecilia-larsdotter-268-1723\" target=\"_blank\">Cisilia<\/a> and <a title=\"Lars Kjellberg 1730 Vireda\" href=\"http:\/\/ancestry.smars.se\/the-ancestors\/johannes-72-1809\/stina-larsdotter-291-1770\/lars-kielberg-1727\" target=\"_blank\">Lars <\/a>Kiellberg in K\u00e4llevik- the neighbouring farm of S\u00f6t\u00e5sa South.\u00a0<\/address>\n<address>She had a sister Maria\u00a0born 1761 (?) She probably moved away from the farm 1894 &#8211; 33 years old. \u00a0She also had an older brother Johan who was born 1763 \u00a0He seems to have stayed as the owner of K\u00e4llevik and died there \u00a021\/9 1809.<\/address>\n<p>Something seems to have happened around 1896 as Stina and brother Johan went to work\/stay at B\u00e5llarp &#8211; northwest of S\u00f6t\u00e5sa l\u00e4ke- maybe their father died. (?) Unclear in the churchbooks. Stina was the one to takeover S\u00f6t\u00e5sa and inherited\/bought the farm at an age of 27 from her parents Sisilia Larsdotter and Lars Kjellbergh. It was June 1797.<\/p>\n<p>1803- at an age of 33- she married <a title=\"Johannes H\u00e5kansson 3\/6 1754 \u2013 1\/4 1810 Boeryd\" href=\"http:\/\/ancestry.smars.se\/the-ancestors\/johannes-72-1809\/hakan-johannesson-24-1782\/johannes-hakansson-36-1754-14-1810\" target=\"_blank\">H\u00e5kan Johannesson<\/a> who was only 21 years old. He came from a farm -only a few kms from S\u00f6t\u00e5sa- <a href=\"https:\/\/maps.google.com\/maps\/ms?msid=202734398850949442153.0004d3448268161a5bfb1&amp;msa=0&amp;ll=58.813742,-9.84375&amp;spn=56.359961,158.027344&amp;iwloc=0004d3a5223d6c070bfb1\" target=\"_blank\">Boeryd<\/a>. He was the oldest son and the second child in a group of 6. He moved to her farm.<\/p>\n<p>They had their first child and son 1 year later 1804: <a title=\"Johannes 2\/7 1809 -12\/7 1890 H\u00e5kansson S\u00d6T\u00c5SA*\" href=\"http:\/\/ancestry.smars.se\/the-ancestors\/johannes-72-1809\" target=\"_blank\">Lars Petter<\/a>\u00a0(see info at his brother Johannes page). 5 years later &#8211; at an age of 39, she had their second child <a title=\"Johannes 2\/7 1809 -12\/7 1890 H\u00e5kansson S\u00d6T\u00c5SA*\" href=\"http:\/\/ancestry.smars.se\/the-ancestors\/johannes-72-1809\" target=\"_blank\">Johannes<\/a>\u00a0who was the one to buy and inherit the farm later. She only had these two children.<\/p>\n<p>Stina is noted as &#8216;sickly and taciturn&#8217; (sw. sjuklig och f\u00e5ordig) and did not take part in the Husf\u00f6rh\u00f6r (Churchly hearing)<\/p>\n<p>She became 72 years old. She died at S\u00f6t\u00e5sa where she was born 28\/2 1842. Johannes was 33 years at this time having his family around them at S\u00f6t\u00e5sa farm. She was survived by her husband H\u00e5kan by 8 years.<br \/>\n<small>Show Google MAP for\u00a0<a style=\"color: #0000ff; text-align: left;\" href=\"https:\/\/maps.google.com\/maps\/ms?msa=0&amp;msid=202734398850949442153.0004d3448268161a5bfb1&amp;hl=sv&amp;ie=UTF8&amp;ll=51.062958,-33.36595&amp;spn=19.104647,119.658537&amp;t=m&amp;iwloc=0004d344d0427b8cf1652&amp;source=embed\">annagreta and johannes ancestors and descendants<\/a>\u00a0in a bigger map<\/small><\/p>\n<p>Churchbook references:<\/p>\n<p style=\"text-align: center;\"><a href=\"wp-content\/uploads\/2013\/01\/Stina-Larsdotter-Johannes-mor-f\u00f6delsebok.jpg\"><img loading=\"lazy\" decoding=\"async\" class=\" wp-image-3982 aligncenter\" title=\"Stina Larsdotter - Johannes mothers birth\" alt=\"\" src=\"wp-content\/uploads\/2013\/01\/Stina-Larsdotter-Johannes-mor-f\u00f6delsebok-300x247.jpg\" width=\"300\" height=\"247\" srcset=\"https:\/\/ancestry.smars.se\/wp-content\/uploads\/2013\/01\/Stina-Larsdotter-Johannes-mor-f\u00f6delsebok-300x247.jpg 300w, https:\/\/ancestry.smars.se\/wp-content\/uploads\/2013\/01\/Stina-Larsdotter-Johannes-mor-f\u00f6delsebok-1024x843.jpg 1024w, https:\/\/ancestry.smars.se\/wp-content\/uploads\/2013\/01\/Stina-Larsdotter-Johannes-mor-f\u00f6delsebok-364x300.jpg 364w\" sizes=\"(max-width: 300px) 100vw, 300px\" \/><\/a><a href=\"wp-content\/uploads\/2013\/01\/Cicilia-Larsdotter-o-Lars-Kiellberg-S\u00f6t\u00e5sa-1789-94.jpg\"><img loading=\"lazy\" decoding=\"async\" class=\"wp-image-4671 aligncenter\" title=\"Stina at age of 20 with parents Cicilia Larsdotter o Lars Kiellberg Kiellevik 1789-94\" alt=\"\" src=\"wp-content\/uploads\/2013\/01\/Cicilia-Larsdotter-o-Lars-Kiellberg-S\u00f6t\u00e5sa-1789-94-300x238.jpg\" width=\"300\" height=\"238\" srcset=\"https:\/\/ancestry.smars.se\/wp-content\/uploads\/2013\/01\/Cicilia-Larsdotter-o-Lars-Kiellberg-S\u00f6t\u00e5sa-1789-94-300x238.jpg 300w, https:\/\/ancestry.smars.se\/wp-content\/uploads\/2013\/01\/Cicilia-Larsdotter-o-Lars-Kiellberg-S\u00f6t\u00e5sa-1789-94-1024x814.jpg 1024w, https:\/\/ancestry.smars.se\/wp-content\/uploads\/2013\/01\/Cicilia-Larsdotter-o-Lars-Kiellberg-S\u00f6t\u00e5sa-1789-94-377x300.jpg 377w\" sizes=\"(max-width: 300px) 100vw, 300px\" \/><\/a><a href=\"wp-content\/uploads\/2013\/01\/Stina-Larsdotter-1794-1802-Nattvardsbok.jpg\"><img loading=\"lazy\" decoding=\"async\" class=\" wp-image-3983 aligncenter\" title=\"Stina Larsdotter 1794-1802 moving away from Kiellevik 1896 to B\u00e5llarp 27 years old\" alt=\"\" src=\"wp-content\/uploads\/2013\/01\/Stina-Larsdotter-1794-1802-Nattvardsbok-300x256.jpg\" width=\"300\" height=\"256\" srcset=\"https:\/\/ancestry.smars.se\/wp-content\/uploads\/2013\/01\/Stina-Larsdotter-1794-1802-Nattvardsbok-300x256.jpg 300w, https:\/\/ancestry.smars.se\/wp-content\/uploads\/2013\/01\/Stina-Larsdotter-1794-1802-Nattvardsbok-1024x874.jpg 1024w, https:\/\/ancestry.smars.se\/wp-content\/uploads\/2013\/01\/Stina-Larsdotter-1794-1802-Nattvardsbok-351x300.jpg 351w\" sizes=\"(max-width: 300px) 100vw, 300px\" \/><\/a><a href=\"wp-content\/uploads\/2013\/01\/Stina-Lisa-Larsdotter-1806-09.jpg\"><img loading=\"lazy\" decoding=\"async\" class=\"size-medium wp-image-3984 aligncenter\" title=\"Stina Lisa Larsdotter 1806-09 at S\u00f6t\u00e5sa Southfarm\" alt=\"\" src=\"wp-content\/uploads\/2013\/01\/Stina-Lisa-Larsdotter-1806-09-300x271.jpg\" width=\"300\" height=\"271\" srcset=\"https:\/\/ancestry.smars.se\/wp-content\/uploads\/2013\/01\/Stina-Lisa-Larsdotter-1806-09-300x271.jpg 300w, https:\/\/ancestry.smars.se\/wp-content\/uploads\/2013\/01\/Stina-Lisa-Larsdotter-1806-09-1024x925.jpg 1024w, https:\/\/ancestry.smars.se\/wp-content\/uploads\/2013\/01\/Stina-Lisa-Larsdotter-1806-09-332x300.jpg 332w\" sizes=\"(max-width: 300px) 100vw, 300px\" \/><\/a><a href=\"wp-content\/uploads\/2013\/01\/Stina-Lisa-Larsdotter-1806-091.jpg\"><br \/>\n<\/a><\/p>\n<p><img loading=\"lazy\" decoding=\"async\" class=\"size-medium wp-image-3976 aligncenter\" title=\"Stina Larsdotters death\" alt=\"\" src=\"wp-content\/uploads\/2013\/01\/Stina-Larsdotter-the-mother-of-Johannes-death-300x243.jpg\" width=\"300\" height=\"243\" srcset=\"https:\/\/ancestry.smars.se\/wp-content\/uploads\/2013\/01\/Stina-Larsdotter-the-mother-of-Johannes-death-300x243.jpg 300w, https:\/\/ancestry.smars.se\/wp-content\/uploads\/2013\/01\/Stina-Larsdotter-the-mother-of-Johannes-death-1024x830.jpg 1024w, https:\/\/ancestry.smars.se\/wp-content\/uploads\/2013\/01\/Stina-Larsdotter-the-mother-of-Johannes-death-370x300.jpg 370w\" sizes=\"(max-width: 300px) 100vw, 300px\" \/><\/p>\n","protected":false},"excerpt":{"rendered":"<p>(Cover View from S\u00f6t\u00e5sa) Stina was born as no 3 of 3 children of Cisilia and Lars Kiellberg in K\u00e4llevik- the neighbouring farm of S\u00f6t\u00e5sa South.\u00a0 She had a sister Maria\u00a0born 1761 (?) She probably moved away from the farm &hellip; <a href=\"https:\/\/ancestry.smars.se\/?page_id=513\">Continue reading <span class=\"meta-nav\">&rarr;<\/span><\/a><\/p>\n","protected":false},"author":1,"featured_media":3452,"parent":483,"menu_order":2,"comment_status":"open","ping_status":"open","template":"","meta":{"footnotes":""},"class_list":["post-513","page","type-page","status-publish","has-post-thumbnail","hentry"],"_links":{"self":[{"href":"https:\/\/ancestry.smars.se\/index.php?rest_route=\/wp\/v2\/pages\/513"}],"collection":[{"href":"https:\/\/ancestry.smars.se\/index.php?rest_route=\/wp\/v2\/pages"}],"about":[{"href":"https:\/\/ancestry.smars.se\/index.php?rest_route=\/wp\/v2\/types\/page"}],"author":[{"embeddable":true,"href":"https:\/\/ancestry.smars.se\/index.php?rest_route=\/wp\/v2\/users\/1"}],"replies":[{"embeddable":true,"href":"https:\/\/ancestry.smars.se\/index.php?rest_route=%2Fwp%2Fv2%2Fcomments&post=513"}],"version-history":[{"count":52,"href":"https:\/\/ancestry.smars.se\/index.php?rest_route=\/wp\/v2\/pages\/513\/revisions"}],"predecessor-version":[{"id":1014,"href":"https:\/\/ancestry.smars.se\/index.php?rest_route=\/wp\/v2\/pages\/513\/revisions\/1014"}],"up":[{"embeddable":true,"href":"https:\/\/ancestry.smars.se\/index.php?rest_route=\/wp\/v2\/pages\/483"}],"wp:featuredmedia":[{"embeddable":true,"href":"https:\/\/ancestry.smars.se\/index.php?rest_route=\/wp\/v2\/media\/3452"}],"wp:attachment":[{"href":"https:\/\/ancestry.smars.se\/index.php?rest_route=%2Fwp%2Fv2%2Fmedia&parent=513"}],"curies":[{"name":"wp","href":"https:\/\/api.w.org\/{rel}","templated":true}]}}