{"id":511,"date":"2013-01-11T18:50:09","date_gmt":"2013-01-11T18:50:09","guid":{"rendered":"http:\/\/ancestry.smars.se\/?page_id=511"},"modified":"2014-08-15T20:55:12","modified_gmt":"2014-08-15T20:55:12","slug":"hakan-johannesson-24-1782","status":"publish","type":"page","link":"https:\/\/ancestry.smars.se\/?page_id=511","title":{"rendered":"H\u00e5kan Johannesson 4\/2 1782 &#8211;  15\/10 1850      From Boeryd to S\u00f6t\u00e5sa"},"content":{"rendered":"<p><em>The above picture: View from Boeryd 2012 by the Lake Noen.<\/em><\/p>\n<p>H\u00e5kan is the father of Johannes and was born in <a href=\"https:\/\/maps.google.com\/maps\/ms?msid=202734398850949442153.0004d3448268161a5bfb1&amp;msa=0&amp;ll=68.656555,-9.84375&amp;spn=41.263883,158.027344&amp;iwloc=0004d3a5223d6c070bfb1\" target=\"_blank\">Boeryd<\/a>, a farm neighbouring Per Brahes <a href=\"https:\/\/maps.google.com\/maps\/ms?msid=202734398850949442153.0004d3448268161a5bfb1&amp;msa=0&amp;ll=68.656555,-9.84375&amp;spn=41.263883,158.027344&amp;iwloc=0004d3bde86bf00dcf6bb\" target=\"_blank\">pleasure hunting castle<\/a> Braheh\u00e4lla.<\/p>\n<p>He was no 2 of \u00a06 siblings:<\/p>\n<p>1.Maria was 2 years older than H\u00e5kan (1780). \u00a0 \u00a0 \u00a0 \u00a0 \u00a0 \u00a0 \u00a0 \u00a0 \u00a0 \u00a0 \u00a0 \u00a0 \u00a0 \u00a0 \u00a0 \u00a0 \u00a0 \u00a0 \u00a0 \u00a0 \u00a0 \u00a0 \u00a0 \u00a0 \u00a0 \u00a0 \u00a0 \u00a0 \u00a0 \u00a0 \u00a0 \u00a0 \u00a0 \u00a0 \u00a0 \u00a0 3.Johannes was 2 years younger (1784). \u00a0 \u00a0 \u00a0 \u00a0 \u00a0 \u00a0 \u00a0 \u00a0 \u00a0 \u00a0 \u00a0 \u00a0 \u00a0 \u00a0 \u00a0 \u00a0 \u00a0 \u00a0 \u00a0 \u00a0 \u00a0 \u00a0 \u00a0 \u00a0 \u00a0 \u00a0 \u00a0 \u00a0 \u00a0 \u00a0 \u00a0 \u00a0 \u00a0 \u00a0 \u00a0 \u00a0 \u00a0 \u00a0 \u00a0 \u00a0 4. Nils (1787-1845) was 5 years younger. \u00a0 \u00a0 \u00a0 \u00a0 \u00a0 \u00a0 \u00a0 \u00a0 \u00a0 \u00a0 \u00a0 \u00a0 \u00a0 \u00a0 \u00a0 \u00a0 \u00a0 \u00a0 \u00a0 \u00a0 \u00a0 \u00a0 \u00a0 \u00a0 \u00a0 \u00a0 \u00a0 \u00a0 \u00a0 \u00a0 \u00a0 \u00a0 \u00a0 \u00a0 \u00a0 \u00a0 \u00a0 \u00a0 5. Lars (1789 &#8211; 1853) was 7 years younger. \u00a0 \u00a0 \u00a0 \u00a0 \u00a0 \u00a0 \u00a0 \u00a0 \u00a0 \u00a0 \u00a0 \u00a0 \u00a0 \u00a0 \u00a0 \u00a0 \u00a0 \u00a0 \u00a0 \u00a0 \u00a0 \u00a0 \u00a0 \u00a0 \u00a0 \u00a0 \u00a0 \u00a0 \u00a0 \u00a0 \u00a0 \u00a0 \u00a0 \u00a0 \u00a0 6. Kristina \u00a0was 9 years younger and became only 2 years old (1791-1793).<\/p>\n<p>We can imagine how the children would make exciting excursions to this castle through the woods,\u00a0which was kept in original shape until 1857 when some of the roof blew down. It has been restored several times but is now a ruin. It was built in 1680 by Count Per Brahe the younger, who died the same year. He had bought N\u00e4s Manor 1659. A master-mason M\u00e5ns from Hultsb\u00e4ck in B\u00e4laryd socken, was building the castle at this property for Brahe. 1795 as H\u00e5kan was 13 years old it is said that some of the tiles were stolen by the farmer Anders\u00a0from Skog at the opposite side of the lake and he was convicted for the crime.<a href=\"wp-content\/uploads\/2013\/01\/300px-Suecia_3-088__Brahalla2.jpg\"><img loading=\"lazy\" decoding=\"async\" class=\"wp-image-4747 aligncenter\" title=\"Brah\u00e4lla castle built 1680 by Per Brahe the younger, who died that same year and the castle was taken over by the State. \" alt=\"300px-Suecia_3-088_;_Brahalla2\" src=\"wp-content\/uploads\/2013\/01\/300px-Suecia_3-088__Brahalla2.jpg\" width=\"300\" height=\"127\" \/><\/a><\/p>\n<p>H\u00e5kan married <a title=\"Stina Larsdotter 29\/1 1770 S\u00d6T\u00c5SA*\" href=\"http:\/\/ancestry.smars.se\/the-ancestors\/johannes-72-1809\/stina-larsdotter-291-1770\">Stina Larsdotter<\/a> from S\u00f6t\u00e5sa South Farm 1803 and moved there. Stina was 12 years older than H\u00e5kan and he was 21 years at the time and she was 33. \u00a0They had two children: Lars Peter 1804 and <a title=\"Johannes 2\/7 1809 -12\/7 1890 H\u00e5kansson S\u00d6T\u00c5SA*\" href=\"http:\/\/ancestry.smars.se\/the-ancestors\/johannes-72-1809\">Johannes 1809<\/a>.<\/p>\n<p>In the Husf\u00f6rh\u00f6r (Yearly church hearings) he always did well- see links below)<\/p>\n<p>His wife Stina is noted sickly and taciturn in the churchbooks.<\/p>\n<p>H\u00e5kan and Stina had one maid at S\u00f6t\u00e5sa: Annika Jonsson from \u00c5by, born 1773: 11 years older than H\u00e5kan and then they had one farmhand: Jan Larsson born 1763 from Adel\u00f6v: 23 years older than H\u00e5kan.<\/p>\n<p>1846, in the Churchbooks, we find him still living at S\u00f6t\u00e5sa South Farm with his son Johannes and his family, who had taken over the farm. He is then 64 years old. His brother Lars lived in one of the houses at S\u00f6t\u00e5sa (Backstugan) with his wife Anna-Lisa Danielsdotter from S\u00e4by, as they got older &#8211; H\u00e5kan in his 60ies and Lars being 7 years younger. The couple were both sickly.<\/p>\n<p>Spring 1842 both H\u00e5kans and\u00a0Lars&#8217;\u00a0\u00a0wives died and they became widowers. See below.<\/p>\n<p>He died 68 years old- 8 years after his wife.<\/p>\n<p><small>Show Google Map in larger size: \u00a0<a style=\"color: #0000ff; text-align: left;\" href=\"https:\/\/maps.google.com\/maps\/ms?msa=0&amp;msid=202734398850949442153.0004d3448268161a5bfb1&amp;hl=sv&amp;ie=UTF8&amp;t=m&amp;source=embed&amp;ll=51.062958,-33.36595&amp;spn=19.104647,119.658537&amp;iwloc=0004d3a5223d6c070bfb1\">annagreta and johannes ancestors and descendants<\/a>\u00a0<\/small><\/p>\n<p>Churchbook ref:<\/p>\n<p style=\"text-align: center;\"><a href=\"wp-content\/uploads\/2013\/01\/H\u00e5kan-Johannesson-1806-091.jpg\"><img loading=\"lazy\" decoding=\"async\" class=\"size-medium wp-image-3993 aligncenter\" title=\"H\u00e5kan Johannesson 1806-09\" alt=\"\" src=\"wp-content\/uploads\/2013\/01\/H\u00e5kan-Johannesson-1806-091-300x271.jpg\" width=\"300\" height=\"271\" srcset=\"https:\/\/ancestry.smars.se\/wp-content\/uploads\/2013\/01\/H\u00e5kan-Johannesson-1806-091-300x271.jpg 300w, https:\/\/ancestry.smars.se\/wp-content\/uploads\/2013\/01\/H\u00e5kan-Johannesson-1806-091-1024x925.jpg 1024w, https:\/\/ancestry.smars.se\/wp-content\/uploads\/2013\/01\/H\u00e5kan-Johannesson-1806-091-332x300.jpg 332w\" sizes=\"(max-width: 300px) 100vw, 300px\" \/><\/a><img loading=\"lazy\" decoding=\"async\" class=\"size-medium wp-image-3990 aligncenter\" title=\"H\u00e5kan Johannesson 1810-1814\" alt=\"\" src=\"wp-content\/uploads\/2013\/01\/H\u00e5kan-Johannesson-1810-1814-300x260.jpg\" width=\"300\" height=\"260\" srcset=\"https:\/\/ancestry.smars.se\/wp-content\/uploads\/2013\/01\/H\u00e5kan-Johannesson-1810-1814-300x260.jpg 300w, https:\/\/ancestry.smars.se\/wp-content\/uploads\/2013\/01\/H\u00e5kan-Johannesson-1810-1814-1024x889.jpg 1024w, https:\/\/ancestry.smars.se\/wp-content\/uploads\/2013\/01\/H\u00e5kan-Johannesson-1810-1814-345x300.jpg 345w\" sizes=\"(max-width: 300px) 100vw, 300px\" \/><\/p>\n<p style=\"text-align: center;\"><a href=\"wp-content\/uploads\/2013\/01\/H\u00e5kan-Johannesson-o-Stina-Larsdotter-as-old-1841-.jpg\"><img loading=\"lazy\" decoding=\"async\" class=\"size-medium wp-image-4766 aligncenter\" title=\"H\u00e5kan Johannesson o Stina Larsdotter as older 1841- Churchbook\" alt=\"\" src=\"wp-content\/uploads\/2013\/01\/H\u00e5kan-Johannesson-o-Stina-Larsdotter-as-old-1841--300x243.jpg\" width=\"300\" height=\"243\" srcset=\"https:\/\/ancestry.smars.se\/wp-content\/uploads\/2013\/01\/H\u00e5kan-Johannesson-o-Stina-Larsdotter-as-old-1841--300x243.jpg 300w, https:\/\/ancestry.smars.se\/wp-content\/uploads\/2013\/01\/H\u00e5kan-Johannesson-o-Stina-Larsdotter-as-old-1841--1024x830.jpg 1024w, https:\/\/ancestry.smars.se\/wp-content\/uploads\/2013\/01\/H\u00e5kan-Johannesson-o-Stina-Larsdotter-as-old-1841--370x300.jpg 370w\" sizes=\"(max-width: 300px) 100vw, 300px\" \/><\/a><\/p>\n","protected":false},"excerpt":{"rendered":"<p>The above picture: View from Boeryd 2012 by the Lake Noen. H\u00e5kan is the father of Johannes and was born in Boeryd, a farm neighbouring Per Brahes pleasure hunting castle Braheh\u00e4lla. He was no 2 of \u00a06 siblings: 1.Maria was &hellip; <a href=\"https:\/\/ancestry.smars.se\/?page_id=511\">Continue reading <span class=\"meta-nav\">&rarr;<\/span><\/a><\/p>\n","protected":false},"author":1,"featured_media":3477,"parent":483,"menu_order":1,"comment_status":"open","ping_status":"open","template":"","meta":{"footnotes":""},"class_list":["post-511","page","type-page","status-publish","has-post-thumbnail","hentry"],"_links":{"self":[{"href":"https:\/\/ancestry.smars.se\/index.php?rest_route=\/wp\/v2\/pages\/511"}],"collection":[{"href":"https:\/\/ancestry.smars.se\/index.php?rest_route=\/wp\/v2\/pages"}],"about":[{"href":"https:\/\/ancestry.smars.se\/index.php?rest_route=\/wp\/v2\/types\/page"}],"author":[{"embeddable":true,"href":"https:\/\/ancestry.smars.se\/index.php?rest_route=\/wp\/v2\/users\/1"}],"replies":[{"embeddable":true,"href":"https:\/\/ancestry.smars.se\/index.php?rest_route=%2Fwp%2Fv2%2Fcomments&post=511"}],"version-history":[{"count":60,"href":"https:\/\/ancestry.smars.se\/index.php?rest_route=\/wp\/v2\/pages\/511\/revisions"}],"predecessor-version":[{"id":517,"href":"https:\/\/ancestry.smars.se\/index.php?rest_route=\/wp\/v2\/pages\/511\/revisions\/517"}],"up":[{"embeddable":true,"href":"https:\/\/ancestry.smars.se\/index.php?rest_route=\/wp\/v2\/pages\/483"}],"wp:featuredmedia":[{"embeddable":true,"href":"https:\/\/ancestry.smars.se\/index.php?rest_route=\/wp\/v2\/media\/3477"}],"wp:attachment":[{"href":"https:\/\/ancestry.smars.se\/index.php?rest_route=%2Fwp%2Fv2%2Fmedia&parent=511"}],"curies":[{"name":"wp","href":"https:\/\/api.w.org\/{rel}","templated":true}]}}