{"id":352,"date":"2012-12-17T17:31:38","date_gmt":"2012-12-17T17:31:38","guid":{"rendered":"http:\/\/ancestry.smars.se\/?page_id=352"},"modified":"2014-07-25T16:33:16","modified_gmt":"2014-07-25T16:33:16","slug":"isak-ludvig","status":"publish","type":"page","link":"https:\/\/ancestry.smars.se\/?page_id=352","title":{"rendered":"Isak Ludwig (Svensson- Frid) Linde 25 April 1855- 21th of Febr 1883"},"content":{"rendered":"<p>He was the son of Sven Magnus and Anna Margareta Andersdotter, born 1811, and stepson to <a href=\"http:\/\/ancestry.smars.se\/exempelsida\/johanna\" target=\"_blank\">Johanna<\/a> Maria, Anna-Greta and Johannes second daughter and therefore half-brother to her children.<\/p>\n<p>His mother Anna Margareta died in &#8216;breast inflammation&#8217; 1861, when Isak was 6 years old and she was then 50 years old. She was 14 years older than Sven Magnus. Sven Magnus married Johanna 1863 23\/5- two years after Isaks mothers death.<\/p>\n<p>He is registered in Hulu in Barkeryd from 1873-11-03\u00a0 until 1874-10-15 and worked there as a farmhand before moving back to Flisby again. He was then 18 &#8211; 19 years old.<\/p>\n<p>He went back to his parents at F\u00f6r\u00e5s S\u00f6derg\u00e5rd in Flisby and worked at home as a farmhand at first, but then become a soldier of J\u00f6nk\u00f6pings regemente and his sur-soldier-name became Linde &#8211; 9th of Dec 1877.<\/p>\n<p>He got married 8th of May 1880 with Anna Maria Josefina Vigren from Flisby, born 19 of August 1852.<\/p>\n<p style=\"text-align: center;\"><a href=\"wp-content\/uploads\/2012\/12\/SC-611_100006__80-034700.jpg\"><img loading=\"lazy\" decoding=\"async\" class=\"size-medium wp-image-4693 aligncenter\" title=\"Churchbook about Isaks marriage 1880\" alt=\"SC-611_100006__80-034700\" src=\"wp-content\/uploads\/2012\/12\/SC-611_100006__80-034700-300x111.jpg\" width=\"300\" height=\"111\" srcset=\"https:\/\/ancestry.smars.se\/wp-content\/uploads\/2012\/12\/SC-611_100006__80-034700-300x111.jpg 300w, https:\/\/ancestry.smars.se\/wp-content\/uploads\/2012\/12\/SC-611_100006__80-034700-1024x382.jpg 1024w, https:\/\/ancestry.smars.se\/wp-content\/uploads\/2012\/12\/SC-611_100006__80-034700-500x186.jpg 500w\" sizes=\"(max-width: 300px) 100vw, 300px\" \/><\/a><\/p>\n<p>5th of June 1880 they moved to\u00a0Buckhult, Svenstorp (in N\u00e4ssj\u00f6 kommun) and he became the Soldier no 121.<\/p>\n<p style=\"text-align: center;\"><a href=\"wp-content\/uploads\/2012\/12\/Buckhult006.jpg\"><img loading=\"lazy\" decoding=\"async\" class=\"size-medium wp-image-4698 aligncenter\" title=\"Picture of Buckhult nowadays\" alt=\"\" src=\"wp-content\/uploads\/2012\/12\/Buckhult006-300x201.jpg\" width=\"300\" height=\"201\" srcset=\"https:\/\/ancestry.smars.se\/wp-content\/uploads\/2012\/12\/Buckhult006-300x201.jpg 300w, https:\/\/ancestry.smars.se\/wp-content\/uploads\/2012\/12\/Buckhult006.jpg 350w\" sizes=\"(max-width: 300px) 100vw, 300px\" \/><\/a><\/p>\n<p style=\"text-align: center;\"><a href=\"wp-content\/uploads\/2012\/12\/Buckhult-Svenstorp-soldattorp-no-121.jpg\"><img loading=\"lazy\" decoding=\"async\" class=\"size-medium wp-image-4695 aligncenter\" title=\"Buckhult , Svenstorp, soldattorp no 121\" alt=\"\" src=\"wp-content\/uploads\/2012\/12\/Buckhult-Svenstorp-soldattorp-no-121-300x201.jpg\" width=\"300\" height=\"201\" srcset=\"https:\/\/ancestry.smars.se\/wp-content\/uploads\/2012\/12\/Buckhult-Svenstorp-soldattorp-no-121-300x201.jpg 300w, https:\/\/ancestry.smars.se\/wp-content\/uploads\/2012\/12\/Buckhult-Svenstorp-soldattorp-no-121.jpg 350w\" sizes=\"(max-width: 300px) 100vw, 300px\" \/><\/a><\/p>\n<p>&nbsp;<\/p>\n<p><em>This is Buckhult Soldiers home in Svenstorp &#8211; (pic taken 1989)<\/em><\/p>\n<p>Tragically he caught tuberculosis and died at the age of 27 years and 9 months and 26 days &#8211; 21 of Febr 1883. He died at home. \u00a0Anna Maria moved back to Flisby. They had no children.<\/p>\n<p style=\"text-align: center;\"><a href=\"wp-content\/uploads\/2012\/12\/SC-615_100006__84-015500.jpg\"><img loading=\"lazy\" decoding=\"async\" class=\"size-medium wp-image-4692 aligncenter\" title=\"Isaks death in Churchbook 1883\" alt=\"SC-615_100006__84-015500\" src=\"wp-content\/uploads\/2012\/12\/SC-615_100006__84-015500-300x115.jpg\" width=\"300\" height=\"115\" srcset=\"https:\/\/ancestry.smars.se\/wp-content\/uploads\/2012\/12\/SC-615_100006__84-015500-300x115.jpg 300w, https:\/\/ancestry.smars.se\/wp-content\/uploads\/2012\/12\/SC-615_100006__84-015500-1024x392.jpg 1024w, https:\/\/ancestry.smars.se\/wp-content\/uploads\/2012\/12\/SC-615_100006__84-015500-500x191.jpg 500w\" sizes=\"(max-width: 300px) 100vw, 300px\" \/><\/a><\/p>\n<p>&nbsp;<\/p>\n<p><em>Source:\u00a0http:\/\/www.solbergahembygd.se\/soldattorpen.htm<\/em><\/p>\n","protected":false},"excerpt":{"rendered":"<p>He was the son of Sven Magnus and Anna Margareta Andersdotter, born 1811, and stepson to Johanna Maria, Anna-Greta and Johannes second daughter and therefore half-brother to her children. His mother Anna Margareta died in &#8216;breast inflammation&#8217; 1861, when Isak &hellip; <a href=\"https:\/\/ancestry.smars.se\/?page_id=352\">Continue reading <span class=\"meta-nav\">&rarr;<\/span><\/a><\/p>\n","protected":false},"author":1,"featured_media":4698,"parent":96,"menu_order":1,"comment_status":"open","ping_status":"open","template":"","meta":{"footnotes":""},"class_list":["post-352","page","type-page","status-publish","has-post-thumbnail","hentry"],"_links":{"self":[{"href":"https:\/\/ancestry.smars.se\/index.php?rest_route=\/wp\/v2\/pages\/352"}],"collection":[{"href":"https:\/\/ancestry.smars.se\/index.php?rest_route=\/wp\/v2\/pages"}],"about":[{"href":"https:\/\/ancestry.smars.se\/index.php?rest_route=\/wp\/v2\/types\/page"}],"author":[{"embeddable":true,"href":"https:\/\/ancestry.smars.se\/index.php?rest_route=\/wp\/v2\/users\/1"}],"replies":[{"embeddable":true,"href":"https:\/\/ancestry.smars.se\/index.php?rest_route=%2Fwp%2Fv2%2Fcomments&post=352"}],"version-history":[{"count":17,"href":"https:\/\/ancestry.smars.se\/index.php?rest_route=\/wp\/v2\/pages\/352\/revisions"}],"predecessor-version":[{"id":1089,"href":"https:\/\/ancestry.smars.se\/index.php?rest_route=\/wp\/v2\/pages\/352\/revisions\/1089"}],"up":[{"embeddable":true,"href":"https:\/\/ancestry.smars.se\/index.php?rest_route=\/wp\/v2\/pages\/96"}],"wp:featuredmedia":[{"embeddable":true,"href":"https:\/\/ancestry.smars.se\/index.php?rest_route=\/wp\/v2\/media\/4698"}],"wp:attachment":[{"href":"https:\/\/ancestry.smars.se\/index.php?rest_route=%2Fwp%2Fv2%2Fmedia&parent=352"}],"curies":[{"name":"wp","href":"https:\/\/api.w.org\/{rel}","templated":true}]}}