{"id":269,"date":"2012-12-14T19:25:17","date_gmt":"2012-12-14T19:25:17","guid":{"rendered":"http:\/\/ancestry.smars.se\/?page_id=269"},"modified":"2013-04-14T04:09:56","modified_gmt":"2013-04-14T04:09:56","slug":"amelia-lovisa-peterson-2410-1864-248-1948","status":"publish","type":"page","link":"https:\/\/ancestry.smars.se\/?page_id=269","title":{"rendered":"Amelia Lovisa Peterson 24\/10 1864 &#8211; 24\/8 1948"},"content":{"rendered":"<p><a href=\"wp-content\/uploads\/2012\/12\/Amalia1.jpg\"><img loading=\"lazy\" decoding=\"async\" class=\"alignnone size-full wp-image-271\" title=\"Amalia\" alt=\"\" src=\"wp-content\/uploads\/2012\/12\/Amalia1.jpg\" width=\"207\" height=\"245\" \/><\/a><\/p>\n<p>Cover picture description: Fr upper left: <a title=\"Hilma Josefina Karlsdotter 24\/9 1862 \u2013 20\/1 1938\" href=\"http:\/\/ancestry.smars.se\/exempelsida\/christina\/hilma-josefina-karlsdotter-249-1862-201-1938\">Hilma<\/a>, <a title=\"Minnie Sofia Andersson   1870 \u2013 1949\" href=\"http:\/\/ancestry.smars.se\/exempelsida\/christina\/minnie-sofia-andersson-1870-1949\">Minnie<\/a>, Amelia, <a title=\"Hulda Freeman 7\/11 1877 \u2013 \u2026\u2026\u2026\" href=\"http:\/\/ancestry.smars.se\/exempelsida\/christina\/hulda-freeman-711-1877\">Hulda<\/a>. Fr left lower: <a title=\"Walborg Johnson 5\/8 1882 \u2013 11\/4 1978\" href=\"http:\/\/ancestry.smars.se\/exempelsida\/christina\/walborg-johnson-58-1882-114-1978\">Valborg<\/a>, <a title=\"Hilda Christina Johnson 18\/10 1874 \u2013 1958\" href=\"http:\/\/ancestry.smars.se\/exempelsida\/christina\/hilda-johnson-1810-1874-1958\">Hilda<\/a>, Father Carl Johan and Mother <a title=\"Christina Sofia 24\/2 1839 \u2013 6\/1 1930\" href=\"http:\/\/ancestry.smars.se\/exempelsida\/christina\">Christina <\/a>in the US.<\/p>\n<p>Amelia is born in Ingelsbo in Sm\u00e5land, Sweden \u00a0<a href=\"https:\/\/www.google.com\/calendar\/b\/1\/render?tab=mc\" target=\"_blank\">24\/10<\/a>.<\/p>\n<p>She emigrates to the US 1885 &#8211; 21 years old. She settles in Chicago, Ill. where her older sister <a title=\"Hilma Josefina Karlsdotter 24\/9 1862 \u2013 20\/1 1938\" href=\"http:\/\/ancestry.smars.se\/exempelsida\/christina\/hilma-josefina-karlsdotter-249-1862-201-1938\">Hilma<\/a> is already since 1882.<\/p>\n<p>When she is 24, 1888 she marries Peter Gustaf \u00a0Peterson,\u00a030 who also came from Sweden 1885. He is registered working with Electric supplies.<\/p>\n<p>They will have 7 children: <a title=\"Arthur Peterson 31\/10 1889 \u2013 22\/10 1980\" href=\"http:\/\/ancestry.smars.se\/exempelsida\/christina\/amelia-lovisa-peterson-2410-1864-248-1948\/arthur-peterson-3110-1889-2210-1980\">Arthur<\/a>,<a title=\"Oscar Peterson 7\/9 1891 \u2013 abt 1962\" href=\"http:\/\/ancestry.smars.se\/exempelsida\/christina\/amelia-lovisa-peterson-2410-1864-248-1948\/oscar-79-1891-abt-1962\"> Oscar<\/a>, <a title=\"Verner Emil Peterson 13\/3 1900 \u2013 1953\" href=\"http:\/\/ancestry.smars.se\/exempelsida\/christina\/amelia-lovisa-peterson-2410-1864-248-1948\/verner-emil-133-1900-1953\">Verner<\/a>, <a title=\"Esther Peterson\/Gruoner 26\/12 1897 \u2013 1983\" href=\"http:\/\/ancestry.smars.se\/exempelsida\/christina\/amelia-lovisa-peterson-2410-1864-248-1948\/esther-2612-1897-1983\" target=\"_blank\">Esther<\/a>, <a title=\"Gunhild Peterson\/Sundstr\u00f6m 29\/3 1903 \u2013 31\/7 1964\" href=\"http:\/\/ancestry.smars.se\/exempelsida\/christina\/amelia-lovisa-peterson-2410-1864-248-1948\/gunhild-293-1903-317-1964\" target=\"_blank\">Gunhild<\/a>, <a title=\"Gunhild Peterson\/Sundstr\u00f6m 29\/3 1903 \u2013 31\/7 1964\" href=\"http:\/\/ancestry.smars.se\/exempelsida\/christina\/amelia-lovisa-peterson-2410-1864-248-1948\/gunhild-293-1903-317-1964\" target=\"_blank\">Pearl <\/a>and <a title=\"Helen Hayden 16\/1 1908 \u2013 18\/3 1992\" href=\"http:\/\/ancestry.smars.se\/exempelsida\/christina\/amelia-lovisa-peterson-2410-1864-248-1948\/helen-161-1908-183-1992\" target=\"_blank\">Helen<\/a>.<\/p>\n<p>By 1918 they live at 5129 Carpenter str in Chicago<\/p>\n<p>.<img loading=\"lazy\" decoding=\"async\" class=\"alignnone size-full wp-image-2843\" style=\"color: #333333; font-style: normal; line-height: 24px;\" alt=\"Amelia-Emily\" src=\"wp-content\/uploads\/2012\/12\/Amelia-Emily.jpg\" width=\"131\" height=\"241\" \/><a href=\"wp-content\/uploads\/2012\/12\/Magnus-o-Amanda-Fernstr\u00f6m-V\u00e4-o-H\u00f6-i-mitten-Amandas-systrarMinnie-och-Amelia-Emily-d\u00f6ttrar-Evelyn-och-Dot.jpg\"><img loading=\"lazy\" decoding=\"async\" class=\"alignnone size-medium wp-image-2845\" title=\"Amelia together with the sisters Minnie and Amanda and her family Fernstrom.\" alt=\"Magnus o Amanda Fernstr\u00f6m V\u00e4 o H\u00f6  i mitten Amandas systrarMinnie och Amelia -Emily, d\u00f6ttrar Evelyn och Dot\" src=\"wp-content\/uploads\/2012\/12\/Magnus-o-Amanda-Fernstr\u00f6m-V\u00e4-o-H\u00f6-i-mitten-Amandas-systrarMinnie-och-Amelia-Emily-d\u00f6ttrar-Evelyn-och-Dot-177x300.jpg\" width=\"177\" height=\"300\" srcset=\"https:\/\/ancestry.smars.se\/wp-content\/uploads\/2012\/12\/Magnus-o-Amanda-Fernstr\u00f6m-V\u00e4-o-H\u00f6-i-mitten-Amandas-systrarMinnie-och-Amelia-Emily-d\u00f6ttrar-Evelyn-och-Dot-177x300.jpg 177w, https:\/\/ancestry.smars.se\/wp-content\/uploads\/2012\/12\/Magnus-o-Amanda-Fernstr\u00f6m-V\u00e4-o-H\u00f6-i-mitten-Amandas-systrarMinnie-och-Amelia-Emily-d\u00f6ttrar-Evelyn-och-Dot-604x1024.jpg 604w, https:\/\/ancestry.smars.se\/wp-content\/uploads\/2012\/12\/Magnus-o-Amanda-Fernstr\u00f6m-V\u00e4-o-H\u00f6-i-mitten-Amandas-systrarMinnie-och-Amelia-Emily-d\u00f6ttrar-Evelyn-och-Dot.jpg 665w\" sizes=\"(max-width: 177px) 100vw, 177px\" \/><\/a><\/p>\n<p>&#8211; She died in Chicago, Ill. 84 years old 1948.<\/p>\n<p>For MAP Press: \u00a0\u00a0<a href=\"https:\/\/maps.google.com\/maps\/ms?msa=0&amp;msid=202734398850949442153.0004d3448268161a5bfb1&amp;hl=sv&amp;ie=UTF8&amp;ll=51.062958,-33.36595&amp;spn=19.104647,119.658537&amp;t=m&amp;iwloc=0004d344d0427b8cf1652&amp;source=embed\">annagreta and johannes ancestors and descendants<\/a><\/p>\n","protected":false},"excerpt":{"rendered":"<p>Cover picture description: Fr upper left: Hilma, Minnie, Amelia, Hulda. Fr left lower: Valborg, Hilda, Father Carl Johan and Mother Christina in the US. Amelia is born in Ingelsbo in Sm\u00e5land, Sweden \u00a024\/10. She emigrates to the US 1885 &#8211; &hellip; <a href=\"https:\/\/ancestry.smars.se\/?page_id=269\">Continue reading <span class=\"meta-nav\">&rarr;<\/span><\/a><\/p>\n","protected":false},"author":1,"featured_media":1800,"parent":93,"menu_order":3,"comment_status":"open","ping_status":"open","template":"","meta":{"footnotes":""},"class_list":["post-269","page","type-page","status-publish","has-post-thumbnail","hentry"],"_links":{"self":[{"href":"https:\/\/ancestry.smars.se\/index.php?rest_route=\/wp\/v2\/pages\/269"}],"collection":[{"href":"https:\/\/ancestry.smars.se\/index.php?rest_route=\/wp\/v2\/pages"}],"about":[{"href":"https:\/\/ancestry.smars.se\/index.php?rest_route=\/wp\/v2\/types\/page"}],"author":[{"embeddable":true,"href":"https:\/\/ancestry.smars.se\/index.php?rest_route=\/wp\/v2\/users\/1"}],"replies":[{"embeddable":true,"href":"https:\/\/ancestry.smars.se\/index.php?rest_route=%2Fwp%2Fv2%2Fcomments&post=269"}],"version-history":[{"count":24,"href":"https:\/\/ancestry.smars.se\/index.php?rest_route=\/wp\/v2\/pages\/269\/revisions"}],"predecessor-version":[{"id":278,"href":"https:\/\/ancestry.smars.se\/index.php?rest_route=\/wp\/v2\/pages\/269\/revisions\/278"}],"up":[{"embeddable":true,"href":"https:\/\/ancestry.smars.se\/index.php?rest_route=\/wp\/v2\/pages\/93"}],"wp:featuredmedia":[{"embeddable":true,"href":"https:\/\/ancestry.smars.se\/index.php?rest_route=\/wp\/v2\/media\/1800"}],"wp:attachment":[{"href":"https:\/\/ancestry.smars.se\/index.php?rest_route=%2Fwp%2Fv2%2Fmedia&parent=269"}],"curies":[{"name":"wp","href":"https:\/\/api.w.org\/{rel}","templated":true}]}}