{"id":224,"date":"2012-11-22T17:41:34","date_gmt":"2012-11-22T17:41:34","guid":{"rendered":"http:\/\/ancestry.smars.se\/?page_id=224"},"modified":"2015-01-18T16:35:50","modified_gmt":"2015-01-18T16:35:50","slug":"hem","status":"publish","type":"page","link":"https:\/\/ancestry.smars.se\/","title":{"rendered":"Hello World!"},"content":{"rendered":"<p><a href=\"wp-content\/uploads\/2013\/01\/Sotasa-Historic-Map-1849.jpg\"><img decoding=\"async\" class=\"alignleft size-full wp-image-658\" title=\"S\u00f6t\u00e5sa Historic Map 1849\" alt=\"\" src=\"wp-content\/uploads\/2013\/01\/Sotasa-Historic-Map-1849.jpg\" \/><\/a><a title=\"Johannes 7\/2 1809 -12\/7 1890 H\u00e5kansson S\u00d6T\u00c5SA*\" href=\"http:\/\/ancestry.smars.se\/?page_id=483\" target=\"_blank\"><img loading=\"lazy\" decoding=\"async\" class=\"alignright\" title=\"Johannes, AnnaGreta o EmmaSofia probably\" alt=\"\" src=\"wp-content\/uploads\/2012\/11\/Johannes-AnnaGreta-o-EmmaSofia-kanske1.jpg\" width=\"129\" height=\"214\" \/><\/a><\/p>\n<p><em>Here we will meet through generations.<\/em><\/p>\n<p>&nbsp;<\/p>\n<p><em>Originating in Sm\u00e5land at <a href=\"https:\/\/maps.google.com\/maps\/ms?msid=202734398850949442153.0004d3448268161a5bfb1&amp;msa=0&amp;ll=68.656555,-9.84375&amp;spn=41.263883,158.027344&amp;iwloc=0004d344d0427b8cf1652\" target=\"_blank\">S\u00f6t\u00e5sa S\u00f6derg\u00e5rd,<\/a><\/em><\/p>\n<p>Anna-Greta and Johannes&#8217; children<\/p>\n<p><em>have searched and settled the world.\u00a0<\/em><\/p>\n<p><em><\/em>Here we will enjoy our heritage together.<\/p>\n<p>Map:\u00a0\u00a0<a href=\"https:\/\/maps.google.com\/maps\/ms?msid=202734398850949442153.0004d3448268161a5bfb1&amp;msa=0\" target=\"_blank\">annagreta and johannes ancestors and descendants<\/a>\u00a0: Places related to history<\/p>\n<p>Separate post\u00a0with info about <a title=\"S\u00d6T\u00c5SA S\u00d6DERG\u00c5RD (=South Farm of S\u00f6t\u00e5sa) in Adel\u00f6v Parish, Norra Vedbo, J\u00f6nk\u00f6pings county, Sm\u00e5land Sweden\" href=\"http:\/\/ancestry.smars.se\/sotasa-sodergard-south-farm-of-sotasa-in-adelov-parish-norra-vedbo-jonkopings-county-smaland-sweden\" target=\"_blank\">S\u00d6T\u00c5SA S\u00d6DERG\u00c5RD <\/a>(=South farm)(: Press redmarked name)<\/p>\n<p>You may wish to add a comment or add info at certain pages or even be the one to create the portrait of your loved ones &#8211; please do, and we may complete the profiles. You will have to Login to do this. See Contact &amp; General rules<\/p>\n<p><span style=\"font-size: 36px;\"><a href=\"https:\/\/docs.google.com\/spreadsheet\/ccc?key=0AkMatCYDqBBldGR2c0xsMjRibnpYN1M4cGs4R0JENGc#gid=0\" target=\"_blank\">FUTURE REUNION<\/a>\u00a0<span style=\"font-size: 14px;\">?<\/span><\/span><\/p>\n<p>&nbsp;<\/p>\n<p>&nbsp;<\/p>\n<p>&nbsp;<\/p>\n","protected":false},"excerpt":{"rendered":"<p>Here we will meet through generations. &nbsp; Originating in Sm\u00e5land at S\u00f6t\u00e5sa S\u00f6derg\u00e5rd, Anna-Greta and Johannes&#8217; children have searched and settled the world.\u00a0 Here we will enjoy our heritage together. Map:\u00a0\u00a0annagreta and johannes ancestors and descendants\u00a0: Places related to history &hellip; <a href=\"https:\/\/ancestry.smars.se\/\">Continue reading <span class=\"meta-nav\">&rarr;<\/span><\/a><\/p>\n","protected":false},"author":1,"featured_media":4738,"parent":0,"menu_order":1,"comment_status":"closed","ping_status":"closed","template":"","meta":{"footnotes":""},"class_list":["post-224","page","type-page","status-publish","has-post-thumbnail","hentry"],"_links":{"self":[{"href":"https:\/\/ancestry.smars.se\/index.php?rest_route=\/wp\/v2\/pages\/224"}],"collection":[{"href":"https:\/\/ancestry.smars.se\/index.php?rest_route=\/wp\/v2\/pages"}],"about":[{"href":"https:\/\/ancestry.smars.se\/index.php?rest_route=\/wp\/v2\/types\/page"}],"author":[{"embeddable":true,"href":"https:\/\/ancestry.smars.se\/index.php?rest_route=\/wp\/v2\/users\/1"}],"replies":[{"embeddable":true,"href":"https:\/\/ancestry.smars.se\/index.php?rest_route=%2Fwp%2Fv2%2Fcomments&post=224"}],"version-history":[{"count":72,"href":"https:\/\/ancestry.smars.se\/index.php?rest_route=\/wp\/v2\/pages\/224\/revisions"}],"predecessor-version":[{"id":254,"href":"https:\/\/ancestry.smars.se\/index.php?rest_route=\/wp\/v2\/pages\/224\/revisions\/254"}],"wp:featuredmedia":[{"embeddable":true,"href":"https:\/\/ancestry.smars.se\/index.php?rest_route=\/wp\/v2\/media\/4738"}],"wp:attachment":[{"href":"https:\/\/ancestry.smars.se\/index.php?rest_route=%2Fwp%2Fv2%2Fmedia&parent=224"}],"curies":[{"name":"wp","href":"https:\/\/api.w.org\/{rel}","templated":true}]}}