{"id":2047,"date":"2013-04-01T14:03:05","date_gmt":"2013-04-01T14:03:05","guid":{"rendered":"http:\/\/ancestry.smars.se\/?page_id=2047"},"modified":"2014-01-04T07:30:30","modified_gmt":"2014-01-04T07:30:30","slug":"anna-julia-isacssonrosenqvist-245-1877","status":"publish","type":"page","link":"https:\/\/ancestry.smars.se\/?page_id=2047","title":{"rendered":"Anna JULIA Isacsson\/Rosenquist 24\/5 1877 &#8211;"},"content":{"rendered":"<p style=\"text-align: center;\">Julia was the first daughter of August Isaacson and Emma Sofia. She was born in Ingelsta Mellang\u00e5rd in Adel\u00f6f, J\u00f6nk\u00f6ping, Sweden<\/p>\n<p style=\"text-align: center;\"><a href=\"wp-content\/uploads\/2013\/04\/Julia-Isaacson-Rosenqvist-action.png\"><img loading=\"lazy\" decoding=\"async\" class=\"alignnone size-medium wp-image-2910\" alt=\"Julia Isaacson (Rosenqvist) action\" src=\"wp-content\/uploads\/2013\/04\/Julia-Isaacson-Rosenqvist-action-300x180.png\" width=\"300\" height=\"180\" srcset=\"https:\/\/ancestry.smars.se\/wp-content\/uploads\/2013\/04\/Julia-Isaacson-Rosenqvist-action-300x180.png 300w, https:\/\/ancestry.smars.se\/wp-content\/uploads\/2013\/04\/Julia-Isaacson-Rosenqvist-action-1024x616.png 1024w, https:\/\/ancestry.smars.se\/wp-content\/uploads\/2013\/04\/Julia-Isaacson-Rosenqvist-action-497x300.png 497w, https:\/\/ancestry.smars.se\/wp-content\/uploads\/2013\/04\/Julia-Isaacson-Rosenqvist-action.png 1235w\" sizes=\"(max-width: 300px) 100vw, 300px\" \/><\/a><\/p>\n<p style=\"text-align: center;\">She had 5 older half-siblings of whom 3 stayed in Sweden when the family emigrated in 1887. Her older sister Ida Matilda (Tillie) and brother David came along.<img loading=\"lazy\" decoding=\"async\" class=\"size-medium wp-image-2864 aligncenter\" style=\"color: #333333; font-style: normal;\" title=\"All the siblings of Julie- she is second from left\" alt=\"Children of Emma Sofia and August Isaacson\" src=\"wp-content\/uploads\/2012\/11\/Children-of-Emma-Sofia-and-August-Isaacson-300x209.png\" width=\"300\" height=\"209\" srcset=\"https:\/\/ancestry.smars.se\/wp-content\/uploads\/2012\/11\/Children-of-Emma-Sofia-and-August-Isaacson-300x209.png 300w, https:\/\/ancestry.smars.se\/wp-content\/uploads\/2012\/11\/Children-of-Emma-Sofia-and-August-Isaacson-1024x714.png 1024w, https:\/\/ancestry.smars.se\/wp-content\/uploads\/2012\/11\/Children-of-Emma-Sofia-and-August-Isaacson-429x300.png 429w, https:\/\/ancestry.smars.se\/wp-content\/uploads\/2012\/11\/Children-of-Emma-Sofia-and-August-Isaacson.png 1120w\" sizes=\"(max-width: 300px) 100vw, 300px\" \/><\/p>\n<p style=\"text-align: center;\"><a href=\"wp-content\/uploads\/2013\/04\/First-daughter-Julia-Isaacson.png\"><img loading=\"lazy\" decoding=\"async\" class=\"size-medium wp-image-2908 aligncenter\" alt=\"First daughter Julia Isaacson\" src=\"wp-content\/uploads\/2013\/04\/First-daughter-Julia-Isaacson-199x300.png\" width=\"199\" height=\"300\" srcset=\"https:\/\/ancestry.smars.se\/wp-content\/uploads\/2013\/04\/First-daughter-Julia-Isaacson-199x300.png 199w, https:\/\/ancestry.smars.se\/wp-content\/uploads\/2013\/04\/First-daughter-Julia-Isaacson.png 602w\" sizes=\"(max-width: 199px) 100vw, 199px\" \/><\/a><\/p>\n<p>She married John Rosenqvist. They had 4 children: <a title=\"Ruth Pearson\" href=\"http:\/\/ancestry.smars.se\/exempelsida\/emma-sofia\/anna-julia-isacssonrosenqvist-245-1877\/ruth-pearson\">Ruth<\/a>, <a title=\"Ruby RosenQuist\/Lundeen 1907 \u2013 1995\" href=\"http:\/\/ancestry.smars.se\/exempelsida\/emma-sofia\/anna-julia-isacssonrosenqvist-245-1877\/ruby-rosenquistlundeen-1907-1995\">Ruby<\/a> 1907, <a title=\"Luella Rosenqvist Lundborg 1912 \u2013 1977\" href=\"http:\/\/ancestry.smars.se\/exempelsida\/emma-sofia\/anna-julia-isacssonrosenqvist-245-1877\/luella-rosenqvist-lundborg-1912-1977\">Luella<\/a> 1912 and <a title=\"Clifford Rosenquist 1916 \u2013 1918\" href=\"http:\/\/ancestry.smars.se\/exempelsida\/emma-sofia\/anna-julia-isacssonrosenqvist-245-1877\/clifford-rosenquist-1916-1918\">Clifford<\/a> 1916.<\/p>\n<p style=\"text-align: center;\"><a href=\"wp-content\/uploads\/2012\/11\/emmas-children-and-Johanna-and-her-son-Emil.jpg\"><img loading=\"lazy\" decoding=\"async\" class=\"size-medium wp-image-3160 aligncenter\" title=\"Julia beside cousin Emil Tyden second from left, her mother Emma and her siblings\" alt=\"emma's children and Johanna and her son Emil\" src=\"wp-content\/uploads\/2012\/11\/emmas-children-and-Johanna-and-her-son-Emil-291x300.jpg\" width=\"291\" height=\"300\" srcset=\"https:\/\/ancestry.smars.se\/wp-content\/uploads\/2012\/11\/emmas-children-and-Johanna-and-her-son-Emil-291x300.jpg 291w, https:\/\/ancestry.smars.se\/wp-content\/uploads\/2012\/11\/emmas-children-and-Johanna-and-her-son-Emil.jpg 643w\" sizes=\"(max-width: 291px) 100vw, 291px\" \/><\/a><\/p>\n<p>Julia died 1956- 79 years old.<\/p>\n","protected":false},"excerpt":{"rendered":"<p>Julia was the first daughter of August Isaacson and Emma Sofia. She was born in Ingelsta Mellang\u00e5rd in Adel\u00f6f, J\u00f6nk\u00f6ping, Sweden She had 5 older half-siblings of whom 3 stayed in Sweden when the family emigrated in 1887. Her older &hellip; <a href=\"https:\/\/ancestry.smars.se\/?page_id=2047\">Continue reading <span class=\"meta-nav\">&rarr;<\/span><\/a><\/p>\n","protected":false},"author":1,"featured_media":2911,"parent":113,"menu_order":1,"comment_status":"open","ping_status":"open","template":"","meta":{"footnotes":""},"class_list":["post-2047","page","type-page","status-publish","has-post-thumbnail","hentry"],"_links":{"self":[{"href":"https:\/\/ancestry.smars.se\/index.php?rest_route=\/wp\/v2\/pages\/2047"}],"collection":[{"href":"https:\/\/ancestry.smars.se\/index.php?rest_route=\/wp\/v2\/pages"}],"about":[{"href":"https:\/\/ancestry.smars.se\/index.php?rest_route=\/wp\/v2\/types\/page"}],"author":[{"embeddable":true,"href":"https:\/\/ancestry.smars.se\/index.php?rest_route=\/wp\/v2\/users\/1"}],"replies":[{"embeddable":true,"href":"https:\/\/ancestry.smars.se\/index.php?rest_route=%2Fwp%2Fv2%2Fcomments&post=2047"}],"version-history":[{"count":9,"href":"https:\/\/ancestry.smars.se\/index.php?rest_route=\/wp\/v2\/pages\/2047\/revisions"}],"predecessor-version":[{"id":4199,"href":"https:\/\/ancestry.smars.se\/index.php?rest_route=\/wp\/v2\/pages\/2047\/revisions\/4199"}],"up":[{"embeddable":true,"href":"https:\/\/ancestry.smars.se\/index.php?rest_route=\/wp\/v2\/pages\/113"}],"wp:featuredmedia":[{"embeddable":true,"href":"https:\/\/ancestry.smars.se\/index.php?rest_route=\/wp\/v2\/media\/2911"}],"wp:attachment":[{"href":"https:\/\/ancestry.smars.se\/index.php?rest_route=%2Fwp%2Fv2%2Fmedia&parent=2047"}],"curies":[{"name":"wp","href":"https:\/\/api.w.org\/{rel}","templated":true}]}}