{"id":1999,"date":"2013-04-01T12:33:08","date_gmt":"2013-04-01T12:33:08","guid":{"rendered":"http:\/\/ancestry.smars.se\/?page_id=1999"},"modified":"2013-04-09T18:49:50","modified_gmt":"2013-04-09T18:49:50","slug":"dorothy-stockhwell-46-1914","status":"publish","type":"page","link":"https:\/\/ancestry.smars.se\/?page_id=1999","title":{"rendered":"Dorothy Fernstrom\/Stockwell 4\/6 1914 &#8211;"},"content":{"rendered":"<p>4th of June 1914.<\/p>\n<p><a href=\"wp-content\/uploads\/2013\/04\/Dot-Evelyn.jpg\"><img loading=\"lazy\" decoding=\"async\" class=\"alignnone size-full wp-image-2859\" alt=\"Dot  (Evelyn)\" src=\"wp-content\/uploads\/2013\/04\/Dot-Evelyn.jpg\" width=\"137\" height=\"190\" \/><\/a><\/p>\n<p>Dorothy has 2 children: <a title=\"June Stockwell\/Zyduck 24\/5 1946 \u2013\" href=\"http:\/\/ancestry.smars.se\/exempelsida\/christina\/amanda-fernstrom-53-1872-412-1966\/dorothy-stockhwell-46-1914\/june-stockwellzyduck-245-1946\">June<\/a> 1946 and <a title=\"Warren Stockwell 18\/10 1950 \u2013\" href=\"http:\/\/ancestry.smars.se\/exempelsida\/christina\/amanda-fernstrom-53-1872-412-1966\/dorothy-stockhwell-46-1914\/warren-stockwell-1810-1950\">Warren<\/a> 1950<\/p>\n<p><a href=\"wp-content\/uploads\/2012\/12\/Magnus-o-Amanda-Fernstr\u00f6m-V\u00e4-o-H\u00f6-i-mitten-Amandas-systrarMinnie-och-Amelia-Emily-d\u00f6ttrar-Evelyn-och-Dot.jpg\"><img loading=\"lazy\" decoding=\"async\" class=\"alignnone size-medium wp-image-2845\" title=\"Dorothy (Dot) in backrow to the right by her sister Evelyn. In front her parents on the sides with Aunties Minnie and Ameliy (Emily) in the middle)\" alt=\"Magnus o Amanda Fernstr\u00f6m V\u00e4 o H\u00f6  i mitten Amandas systrarMinnie och Amelia -Emily, d\u00f6ttrar Evelyn och Dot\" src=\"wp-content\/uploads\/2012\/12\/Magnus-o-Amanda-Fernstr\u00f6m-V\u00e4-o-H\u00f6-i-mitten-Amandas-systrarMinnie-och-Amelia-Emily-d\u00f6ttrar-Evelyn-och-Dot-177x300.jpg\" width=\"177\" height=\"300\" srcset=\"https:\/\/ancestry.smars.se\/wp-content\/uploads\/2012\/12\/Magnus-o-Amanda-Fernstr\u00f6m-V\u00e4-o-H\u00f6-i-mitten-Amandas-systrarMinnie-och-Amelia-Emily-d\u00f6ttrar-Evelyn-och-Dot-177x300.jpg 177w, https:\/\/ancestry.smars.se\/wp-content\/uploads\/2012\/12\/Magnus-o-Amanda-Fernstr\u00f6m-V\u00e4-o-H\u00f6-i-mitten-Amandas-systrarMinnie-och-Amelia-Emily-d\u00f6ttrar-Evelyn-och-Dot-604x1024.jpg 604w, https:\/\/ancestry.smars.se\/wp-content\/uploads\/2012\/12\/Magnus-o-Amanda-Fernstr\u00f6m-V\u00e4-o-H\u00f6-i-mitten-Amandas-systrarMinnie-och-Amelia-Emily-d\u00f6ttrar-Evelyn-och-Dot.jpg 665w\" sizes=\"(max-width: 177px) 100vw, 177px\" \/><\/a><\/p>\n","protected":false},"excerpt":{"rendered":"<p>4th of June 1914. Dorothy has 2 children: June 1946 and Warren 1950<\/p>\n","protected":false},"author":1,"featured_media":0,"parent":289,"menu_order":3,"comment_status":"open","ping_status":"open","template":"","meta":{"footnotes":""},"class_list":["post-1999","page","type-page","status-publish","hentry"],"_links":{"self":[{"href":"https:\/\/ancestry.smars.se\/index.php?rest_route=\/wp\/v2\/pages\/1999"}],"collection":[{"href":"https:\/\/ancestry.smars.se\/index.php?rest_route=\/wp\/v2\/pages"}],"about":[{"href":"https:\/\/ancestry.smars.se\/index.php?rest_route=\/wp\/v2\/types\/page"}],"author":[{"embeddable":true,"href":"https:\/\/ancestry.smars.se\/index.php?rest_route=\/wp\/v2\/users\/1"}],"replies":[{"embeddable":true,"href":"https:\/\/ancestry.smars.se\/index.php?rest_route=%2Fwp%2Fv2%2Fcomments&post=1999"}],"version-history":[{"count":4,"href":"https:\/\/ancestry.smars.se\/index.php?rest_route=\/wp\/v2\/pages\/1999\/revisions"}],"predecessor-version":[{"id":2004,"href":"https:\/\/ancestry.smars.se\/index.php?rest_route=\/wp\/v2\/pages\/1999\/revisions\/2004"}],"up":[{"embeddable":true,"href":"https:\/\/ancestry.smars.se\/index.php?rest_route=\/wp\/v2\/pages\/289"}],"wp:attachment":[{"href":"https:\/\/ancestry.smars.se\/index.php?rest_route=%2Fwp%2Fv2%2Fmedia&parent=1999"}],"curies":[{"name":"wp","href":"https:\/\/api.w.org\/{rel}","templated":true}]}}