{"id":117,"date":"2012-11-04T20:04:59","date_gmt":"2012-11-04T20:04:59","guid":{"rendered":"http:\/\/ancestry.smars.se\/?page_id=117"},"modified":"2014-09-27T16:46:25","modified_gmt":"2014-09-27T16:46:25","slug":"matilda","status":"publish","type":"page","link":"https:\/\/ancestry.smars.se\/?page_id=117","title":{"rendered":"Matilda Sept 5 1858 &#8211;  Oct 27 1923"},"content":{"rendered":"<p>Born in S\u00f6t\u00e5sa \u00a0<a href=\"https:\/\/www.google.com\/calendar\/render?tab=mc&amp;pli=1\" target=\"_blank\">5\/9<\/a> &#8211; died in North<a href=\"https:\/\/www.google.com\/maps\/ms?msid=202734398850949442153.0004d3448268161a5bfb1&amp;msa=0&amp;ll=53.956086,-41.660156&amp;spn=67.176091,158.027344&amp;iwloc=0004ed5c513222f9b4e81\" target=\"_blank\"> Maple Ridge TWP. Mn.<\/a> She came to the US 1\/4- 1881 23 years old. She had married Peter Peterson born 1850- 8 years older than Matilda. They had 3 children: <a title=\"Arthur Peterson 11\/7 1890 \u2013 1913\" href=\"http:\/\/ancestry.smars.se\/?page_id=414\">Arthur<\/a> 1890, <a title=\"Alice Peterson 12\/1 1892 \u2013 27\/1 1961\" href=\"http:\/\/ancestry.smars.se\/?page_id=416\">Alice<\/a> 1892 and <a title=\"Edwin Peterson 25\/11 1894 \u2013\" href=\"http:\/\/ancestry.smars.se\/?page_id=418\">Edwin<\/a> 1894. Peter died about (?) 1895 in Minnesota.<\/p>\n<p>1876 when S\u00f6t\u00e5sa S\u00f6derg\u00e5rd was sold and Johannes and Anna-Greta got the exclusion-contract and moved into the older S\u00f6t\u00e5sa, Matilda and sister Emma-Sofia were still at home. Emma-Sofia married 22 of July the same year though. Matildas oldest sister Kristina and her family moved to the other side of the lake to \u00d6nnestorp. Matilda&#8230;&#8230;&#8230;&#8230;&#8230;&#8230;&#8230;..<\/p>\n<p>At the age of \u00a038 years &#8211; 25\/11 1896 &#8211; she married Carl Petter Anderson from<a href=\"https:\/\/www.google.com\/maps\/ms?msid=202734398850949442153.0004d3448268161a5bfb1&amp;msa=0&amp;ll=54.162434,-11.777344&amp;spn=66.913997,158.027344&amp;iwloc=0004ed5c48137ab5db322\" target=\"_blank\"> Halland,<\/a> Sweden, He was born 24\/6 1835 and was then 61 years old- 23 years older than Matilda. (He died 1\/3 1919 in Maple Ridge, Mn.- 84 years old) They had 3 sons: \u00a0<a title=\"Emil Anderson 11\/9 1897 \u2013 1975\" href=\"http:\/\/ancestry.smars.se\/?page_id=420\">Emil<\/a> 1897, <a title=\"Carl Philip Anderson 5\/2 1899 \u2013 2\/5 1991\" href=\"http:\/\/ancestry.smars.se\/?page_id=422\">Carl Philip<\/a> 1899 and <a title=\"Reuben Anderson          \u2013 1922\" href=\"http:\/\/ancestry.smars.se\/?page_id=424\">Reuben<\/a> .<\/p>\n<p>Their Children:<\/p>\n<p><a title=\"Emil Anderson 11\/9 1897 \u2013 1975\" href=\"http:\/\/ancestry.smars.se\/?page_id=420\">Emil Anderson<\/a> married Beatrice, Maple Ridge twp<\/p>\n<p><a title=\"Carl Philip Anderson 5\/2 1899 \u2013 2\/5 1991\" href=\"http:\/\/ancestry.smars.se\/?page_id=422\">Carl Philip<\/a> Anderson 2\/5 1899 &#8211; 5\/2 1991 married N. Ethel Kopecky 7\/7 1907 Wabeno Wisc -7\/5 1990 Branam, Mn.<\/p>\n<p><a title=\"Reuben Anderson          \u2013 1922\" href=\"http:\/\/ancestry.smars.se\/?page_id=424\">Reuben<\/a> Anderson 18?-1922 Maple Ridge<\/p>\n","protected":false},"excerpt":{"rendered":"<p>Born in S\u00f6t\u00e5sa \u00a05\/9 &#8211; died in North Maple Ridge TWP. Mn. She came to the US 1\/4- 1881 23 years old. She had married Peter Peterson born 1850- 8 years older than Matilda. They had 3 children: Arthur 1890, &hellip; <a href=\"https:\/\/ancestry.smars.se\/?page_id=117\">Continue reading <span class=\"meta-nav\">&rarr;<\/span><\/a><\/p>\n","protected":false},"author":1,"featured_media":0,"parent":2,"menu_order":10,"comment_status":"open","ping_status":"open","template":"","meta":{"footnotes":""},"class_list":["post-117","page","type-page","status-publish","hentry"],"_links":{"self":[{"href":"https:\/\/ancestry.smars.se\/index.php?rest_route=\/wp\/v2\/pages\/117"}],"collection":[{"href":"https:\/\/ancestry.smars.se\/index.php?rest_route=\/wp\/v2\/pages"}],"about":[{"href":"https:\/\/ancestry.smars.se\/index.php?rest_route=\/wp\/v2\/types\/page"}],"author":[{"embeddable":true,"href":"https:\/\/ancestry.smars.se\/index.php?rest_route=\/wp\/v2\/users\/1"}],"replies":[{"embeddable":true,"href":"https:\/\/ancestry.smars.se\/index.php?rest_route=%2Fwp%2Fv2%2Fcomments&post=117"}],"version-history":[{"count":12,"href":"https:\/\/ancestry.smars.se\/index.php?rest_route=\/wp\/v2\/pages\/117\/revisions"}],"predecessor-version":[{"id":209,"href":"https:\/\/ancestry.smars.se\/index.php?rest_route=\/wp\/v2\/pages\/117\/revisions\/209"}],"up":[{"embeddable":true,"href":"https:\/\/ancestry.smars.se\/index.php?rest_route=\/wp\/v2\/pages\/2"}],"wp:attachment":[{"href":"https:\/\/ancestry.smars.se\/index.php?rest_route=%2Fwp%2Fv2%2Fmedia&parent=117"}],"curies":[{"name":"wp","href":"https:\/\/api.w.org\/{rel}","templated":true}]}}